{"id":77,"date":"2022-05-12T09:59:07","date_gmt":"2022-05-12T12:59:07","guid":{"rendered":"https:\/\/sitecgdw.com.br\/vrvidracaria\/?page_id=77"},"modified":"2023-01-13T10:10:31","modified_gmt":"2023-01-13T13:10:31","slug":"vidracaria-esquadrias-de-aluminio-curitiba","status":"publish","type":"page","link":"https:\/\/sitecgdw.com.br\/vrvidracaria\/vidracaria-esquadrias-de-aluminio-curitiba\/","title":{"rendered":"Vidra\u00e7aria"},"content":{"rendered":"\t\t<div data-elementor-type=\"wp-page\" data-elementor-id=\"77\" class=\"elementor elementor-77\" data-elementor-post-type=\"page\">\n\t\t\t\t\t\t<section class=\"elementor-section elementor-top-section elementor-element elementor-element-e5f2a54 elementor-section-boxed elementor-section-height-default elementor-section-height-default\" data-id=\"e5f2a54\" data-element_type=\"section\" data-e-type=\"section\">\n\t\t\t\t\t\t\t<div class=\"elementor-background-overlay\"><\/div>\n\t\t\t\t\t\t\t<div class=\"elementor-container elementor-column-gap-default\">\n\t\t\t\t\t<div class=\"elementor-column elementor-col-50 elementor-top-column elementor-element elementor-element-40ac6e1\" data-id=\"40ac6e1\" data-element_type=\"column\" data-e-type=\"column\">\n\t\t\t<div class=\"elementor-widget-wrap elementor-element-populated\">\n\t\t\t\t\t\t<div class=\"elementor-element elementor-element-06fb1b4 elementor-widget elementor-widget-heading\" data-id=\"06fb1b4\" data-element_type=\"widget\" data-e-type=\"widget\" data-widget_type=\"heading.default\">\n\t\t\t\t<div class=\"elementor-widget-container\">\n\t\t\t\t\t<h2 class=\"elementor-heading-title elementor-size-default\">Vidra\u00e7aria<\/h2>\t\t\t\t<\/div>\n\t\t\t\t<\/div>\n\t\t\t\t<div class=\"elementor-element elementor-element-e4d9534 elementor-widget elementor-widget-text-editor\" data-id=\"e4d9534\" data-element_type=\"widget\" data-e-type=\"widget\" data-widget_type=\"text-editor.default\">\n\t\t\t\t<div class=\"elementor-widget-container\">\n\t\t\t\t\t\t\t\t\t<p>Precisando de vidros, cortinas, espelho, muro de vidro, porta autom\u00e1ticas, divis\u00f3rias e box especiais? Conte com a Vidra\u00e7aria Rocha.<\/p><p>Trabalhamos com cortes na medida, instala\u00e7\u00e3o garantida e fabrica\u00e7\u00e3o pr\u00f3pria.<\/p><p>Al\u00e9m disso, a personaliza\u00e7\u00e3o faz parte de cada projeto que entra em nossa responsabilidade, seja para edifica\u00e7\u00f5es habitacionais, comerciais e industriais.<\/p><p>Vidros com maior seguran\u00e7a, resist\u00eancia, est\u00e9tica e acabamento.<\/p><p>Pagamento facilitado em at\u00e9 12x sem juros no cart\u00e3o.<\/p>\t\t\t\t\t\t\t\t<\/div>\n\t\t\t\t<\/div>\n\t\t\t\t<div class=\"elementor-element elementor-element-6bd2dca elementor-align-left elementor-mobile-align-justify elementor-widget elementor-widget-button\" data-id=\"6bd2dca\" data-element_type=\"widget\" data-e-type=\"widget\" data-widget_type=\"button.default\">\n\t\t\t\t<div class=\"elementor-widget-container\">\n\t\t\t\t\t\t\t\t\t<div class=\"elementor-button-wrapper\">\n\t\t\t\t\t<a class=\"elementor-button elementor-button-link elementor-size-sm elementor-animation-sink\" href=\"https:\/\/sitecgdw.com.br\/vrvidracaria\/contato-esquadrias-de-aluminio-curitiba\/\">\n\t\t\t\t\t\t<span class=\"elementor-button-content-wrapper\">\n\t\t\t\t\t\t\t\t\t<span class=\"elementor-button-text\">Fale com um consultor!<\/span>\n\t\t\t\t\t<\/span>\n\t\t\t\t\t<\/a>\n\t\t\t\t<\/div>\n\t\t\t\t\t\t\t\t<\/div>\n\t\t\t\t<\/div>\n\t\t\t\t\t<\/div>\n\t\t<\/div>\n\t\t\t\t<div class=\"elementor-column elementor-col-50 elementor-top-column elementor-element elementor-element-ce36a36\" data-id=\"ce36a36\" data-element_type=\"column\" data-e-type=\"column\">\n\t\t\t<div class=\"elementor-widget-wrap elementor-element-populated\">\n\t\t\t\t\t\t<div class=\"elementor-element elementor-element-4204694 elementor-widget elementor-widget-image\" data-id=\"4204694\" data-element_type=\"widget\" data-e-type=\"widget\" data-widget_type=\"image.default\">\n\t\t\t\t<div class=\"elementor-widget-container\">\n\t\t\t\t\t\t\t\t\t\t\t\t\t\t\t<img fetchpriority=\"high\" decoding=\"async\" width=\"800\" height=\"800\" src=\"https:\/\/sitecgdw.com.br\/vrvidracaria\/wp-content\/uploads\/2022\/05\/janela.png\" class=\"attachment-large size-large wp-image-407\" alt=\"\" srcset=\"https:\/\/sitecgdw.com.br\/vrvidracaria\/wp-content\/uploads\/2022\/05\/janela.png 900w, https:\/\/sitecgdw.com.br\/vrvidracaria\/wp-content\/uploads\/2022\/05\/janela-300x300.png 300w, https:\/\/sitecgdw.com.br\/vrvidracaria\/wp-content\/uploads\/2022\/05\/janela-150x150.png 150w, https:\/\/sitecgdw.com.br\/vrvidracaria\/wp-content\/uploads\/2022\/05\/janela-768x768.png 768w\" sizes=\"(max-width: 800px) 100vw, 800px\" \/>\t\t\t\t\t\t\t\t\t\t\t\t\t\t\t<\/div>\n\t\t\t\t<\/div>\n\t\t\t\t\t<\/div>\n\t\t<\/div>\n\t\t\t\t\t<\/div>\n\t\t<\/section>\n\t\t\t\t<section class=\"elementor-section elementor-top-section elementor-element elementor-element-7a2b263 elementor-section-boxed elementor-section-height-default elementor-section-height-default\" data-id=\"7a2b263\" data-element_type=\"section\" data-e-type=\"section\">\n\t\t\t\t\t\t<div class=\"elementor-container elementor-column-gap-default\">\n\t\t\t\t\t<div class=\"elementor-column elementor-col-100 elementor-top-column elementor-element elementor-element-a8ed0fe\" data-id=\"a8ed0fe\" data-element_type=\"column\" data-e-type=\"column\">\n\t\t\t<div class=\"elementor-widget-wrap elementor-element-populated\">\n\t\t\t\t\t\t<div class=\"elementor-element elementor-element-293a41f elementor-grid-3 elementor-grid-tablet-2 elementor-grid-mobile-1 elementor-posts--thumbnail-top elementor-card-shadow-yes elementor-posts__hover-gradient elementor-widget elementor-widget-posts\" data-id=\"293a41f\" data-element_type=\"widget\" data-e-type=\"widget\" data-settings=\"{&quot;pagination_type&quot;:&quot;numbers&quot;,&quot;cards_columns&quot;:&quot;3&quot;,&quot;cards_columns_tablet&quot;:&quot;2&quot;,&quot;cards_columns_mobile&quot;:&quot;1&quot;,&quot;cards_row_gap&quot;:{&quot;unit&quot;:&quot;px&quot;,&quot;size&quot;:35,&quot;sizes&quot;:[]},&quot;cards_row_gap_tablet&quot;:{&quot;unit&quot;:&quot;px&quot;,&quot;size&quot;:&quot;&quot;,&quot;sizes&quot;:[]},&quot;cards_row_gap_mobile&quot;:{&quot;unit&quot;:&quot;px&quot;,&quot;size&quot;:&quot;&quot;,&quot;sizes&quot;:[]}}\" data-widget_type=\"posts.cards\">\n\t\t\t\t<div class=\"elementor-widget-container\">\n\t\t\t\t\t\t\t<div class=\"elementor-posts-container elementor-posts elementor-posts--skin-cards elementor-grid\" role=\"list\">\n\t\t\t\t<article class=\"elementor-post elementor-grid-item post-712 produtos type-produtos status-publish hentry tipos_de_produtos-vidracaria\" role=\"listitem\">\n\t\t\t<div class=\"elementor-post__card\">\n\t\t\t\t<div class=\"elementor-post__text\">\n\t\t\t\t<h3 class=\"elementor-post__title\">\n\t\t\t<a href=\"https:\/\/sitecgdw.com.br\/vrvidracaria\/produtos\/porta-e-janela-de-correr-3\/\" >\n\t\t\t\tPorta e janela de correr 3\t\t\t<\/a>\n\t\t<\/h3>\n\t\t\n\t\t<a class=\"elementor-post__read-more\" href=\"https:\/\/sitecgdw.com.br\/vrvidracaria\/produtos\/porta-e-janela-de-correr-3\/\" aria-label=\"Read more about Porta e janela de correr 3\" tabindex=\"-1\" >\n\t\t\tSaiba mais\t\t<\/a>\n\n\t\t\t\t<\/div>\n\t\t\t\t\t<\/div>\n\t\t<\/article>\n\t\t\t\t<\/div>\n\t\t\n\t\t\t\t\t\t<\/div>\n\t\t\t\t<\/div>\n\t\t\t\t\t<\/div>\n\t\t<\/div>\n\t\t\t\t\t<\/div>\n\t\t<\/section>\n\t\t\t\t<\/div>\n\t\t","protected":false},"excerpt":{"rendered":"<p>Vidra\u00e7aria Precisando de vidros, cortinas, espelho, muro de vidro, porta autom\u00e1ticas, divis\u00f3rias e box especiais? Conte com a Vidra\u00e7aria Rocha. Trabalhamos com cortes na medida,<\/p>\n","protected":false},"author":1,"featured_media":0,"parent":0,"menu_order":0,"comment_status":"closed","ping_status":"closed","template":"elementor_header_footer","meta":{"_acf_changed":false,"inline_featured_image":false,"footnotes":""},"class_list":["post-77","page","type-page","status-publish","hentry"],"acf":[],"yoast_head":"<!-- This site is optimized with the Yoast SEO plugin v19.14 - https:\/\/yoast.com\/wordpress\/plugins\/seo\/ -->\n<title>Vidra\u00e7aria - VR Rocha<\/title>\n<meta name=\"robots\" content=\"index, follow, max-snippet:-1, max-image-preview:large, max-video-preview:-1\" \/>\n<link rel=\"canonical\" href=\"https:\/\/sitecgdw.com.br\/vrvidracaria\/vidracaria-esquadrias-de-aluminio-curitiba\/\" \/>\n<meta property=\"og:locale\" content=\"pt_BR\" \/>\n<meta property=\"og:type\" content=\"article\" \/>\n<meta property=\"og:title\" content=\"Vidra\u00e7aria - VR Rocha\" \/>\n<meta property=\"og:description\" content=\"Vidra\u00e7aria Precisando de vidros, cortinas, espelho, muro de vidro, porta autom\u00e1ticas, divis\u00f3rias e box especiais? Conte com a Vidra\u00e7aria Rocha. Trabalhamos com cortes na medida,\" \/>\n<meta property=\"og:url\" content=\"https:\/\/sitecgdw.com.br\/vrvidracaria\/vidracaria-esquadrias-de-aluminio-curitiba\/\" \/>\n<meta property=\"og:site_name\" content=\"VR Rocha\" \/>\n<meta property=\"article:modified_time\" content=\"2023-01-13T13:10:31+00:00\" \/>\n<meta property=\"og:image\" content=\"https:\/\/sitecgdw.com.br\/vrvidracaria\/wp-content\/uploads\/2022\/05\/janela.png\" \/>\n<meta name=\"twitter:card\" content=\"summary_large_image\" \/>\n<meta name=\"twitter:label1\" content=\"Est. tempo de leitura\" \/>\n\t<meta name=\"twitter:data1\" content=\"1 minuto\" \/>\n<script type=\"application\/ld+json\" class=\"yoast-schema-graph\">{\"@context\":\"https:\/\/schema.org\",\"@graph\":[{\"@type\":\"WebPage\",\"@id\":\"https:\/\/sitecgdw.com.br\/vrvidracaria\/vidracaria-esquadrias-de-aluminio-curitiba\/\",\"url\":\"https:\/\/sitecgdw.com.br\/vrvidracaria\/vidracaria-esquadrias-de-aluminio-curitiba\/\",\"name\":\"Vidra\u00e7aria - VR Rocha\",\"isPartOf\":{\"@id\":\"https:\/\/sitecgdw.com.br\/vrvidracaria\/#website\"},\"datePublished\":\"2022-05-12T12:59:07+00:00\",\"dateModified\":\"2023-01-13T13:10:31+00:00\",\"breadcrumb\":{\"@id\":\"https:\/\/sitecgdw.com.br\/vrvidracaria\/vidracaria-esquadrias-de-aluminio-curitiba\/#breadcrumb\"},\"inLanguage\":\"pt-BR\",\"potentialAction\":[{\"@type\":\"ReadAction\",\"target\":[\"https:\/\/sitecgdw.com.br\/vrvidracaria\/vidracaria-esquadrias-de-aluminio-curitiba\/\"]}]},{\"@type\":\"BreadcrumbList\",\"@id\":\"https:\/\/sitecgdw.com.br\/vrvidracaria\/vidracaria-esquadrias-de-aluminio-curitiba\/#breadcrumb\",\"itemListElement\":[{\"@type\":\"ListItem\",\"position\":1,\"name\":\"In\u00edcio\",\"item\":\"https:\/\/sitecgdw.com.br\/vrvidracaria\/\"},{\"@type\":\"ListItem\",\"position\":2,\"name\":\"Vidra\u00e7aria\"}]},{\"@type\":\"WebSite\",\"@id\":\"https:\/\/sitecgdw.com.br\/vrvidracaria\/#website\",\"url\":\"https:\/\/sitecgdw.com.br\/vrvidracaria\/\",\"name\":\"VR Rocha\",\"description\":\"Vidra\u00e7aria e esquadrias de alum\u00ednio e PVC\",\"publisher\":{\"@id\":\"https:\/\/sitecgdw.com.br\/vrvidracaria\/#organization\"},\"potentialAction\":[{\"@type\":\"SearchAction\",\"target\":{\"@type\":\"EntryPoint\",\"urlTemplate\":\"https:\/\/sitecgdw.com.br\/vrvidracaria\/?s={search_term_string}\"},\"query-input\":\"required name=search_term_string\"}],\"inLanguage\":\"pt-BR\"},{\"@type\":\"Organization\",\"@id\":\"https:\/\/sitecgdw.com.br\/vrvidracaria\/#organization\",\"name\":\"VR Rocha\",\"url\":\"https:\/\/sitecgdw.com.br\/vrvidracaria\/\",\"logo\":{\"@type\":\"ImageObject\",\"inLanguage\":\"pt-BR\",\"@id\":\"https:\/\/sitecgdw.com.br\/vrvidracaria\/#\/schema\/logo\/image\/\",\"url\":\"https:\/\/sitecgdw.com.br\/vrvidracaria\/wp-content\/uploads\/2022\/05\/logo-rocha-vidracaria.png\",\"contentUrl\":\"https:\/\/sitecgdw.com.br\/vrvidracaria\/wp-content\/uploads\/2022\/05\/logo-rocha-vidracaria.png\",\"width\":692,\"height\":296,\"caption\":\"VR Rocha\"},\"image\":{\"@id\":\"https:\/\/sitecgdw.com.br\/vrvidracaria\/#\/schema\/logo\/image\/\"}}]}<\/script>\n<!-- \/ Yoast SEO plugin. -->","yoast_head_json":{"title":"Vidra\u00e7aria - VR Rocha","robots":{"index":"index","follow":"follow","max-snippet":"max-snippet:-1","max-image-preview":"max-image-preview:large","max-video-preview":"max-video-preview:-1"},"canonical":"https:\/\/sitecgdw.com.br\/vrvidracaria\/vidracaria-esquadrias-de-aluminio-curitiba\/","og_locale":"pt_BR","og_type":"article","og_title":"Vidra\u00e7aria - VR Rocha","og_description":"Vidra\u00e7aria Precisando de vidros, cortinas, espelho, muro de vidro, porta autom\u00e1ticas, divis\u00f3rias e box especiais? Conte com a Vidra\u00e7aria Rocha. Trabalhamos com cortes na medida,","og_url":"https:\/\/sitecgdw.com.br\/vrvidracaria\/vidracaria-esquadrias-de-aluminio-curitiba\/","og_site_name":"VR Rocha","article_modified_time":"2023-01-13T13:10:31+00:00","og_image":[{"url":"https:\/\/sitecgdw.com.br\/vrvidracaria\/wp-content\/uploads\/2022\/05\/janela.png"}],"twitter_card":"summary_large_image","twitter_misc":{"Est. tempo de leitura":"1 minuto"},"schema":{"@context":"https:\/\/schema.org","@graph":[{"@type":"WebPage","@id":"https:\/\/sitecgdw.com.br\/vrvidracaria\/vidracaria-esquadrias-de-aluminio-curitiba\/","url":"https:\/\/sitecgdw.com.br\/vrvidracaria\/vidracaria-esquadrias-de-aluminio-curitiba\/","name":"Vidra\u00e7aria - VR Rocha","isPartOf":{"@id":"https:\/\/sitecgdw.com.br\/vrvidracaria\/#website"},"datePublished":"2022-05-12T12:59:07+00:00","dateModified":"2023-01-13T13:10:31+00:00","breadcrumb":{"@id":"https:\/\/sitecgdw.com.br\/vrvidracaria\/vidracaria-esquadrias-de-aluminio-curitiba\/#breadcrumb"},"inLanguage":"pt-BR","potentialAction":[{"@type":"ReadAction","target":["https:\/\/sitecgdw.com.br\/vrvidracaria\/vidracaria-esquadrias-de-aluminio-curitiba\/"]}]},{"@type":"BreadcrumbList","@id":"https:\/\/sitecgdw.com.br\/vrvidracaria\/vidracaria-esquadrias-de-aluminio-curitiba\/#breadcrumb","itemListElement":[{"@type":"ListItem","position":1,"name":"In\u00edcio","item":"https:\/\/sitecgdw.com.br\/vrvidracaria\/"},{"@type":"ListItem","position":2,"name":"Vidra\u00e7aria"}]},{"@type":"WebSite","@id":"https:\/\/sitecgdw.com.br\/vrvidracaria\/#website","url":"https:\/\/sitecgdw.com.br\/vrvidracaria\/","name":"VR Rocha","description":"Vidra\u00e7aria e esquadrias de alum\u00ednio e PVC","publisher":{"@id":"https:\/\/sitecgdw.com.br\/vrvidracaria\/#organization"},"potentialAction":[{"@type":"SearchAction","target":{"@type":"EntryPoint","urlTemplate":"https:\/\/sitecgdw.com.br\/vrvidracaria\/?s={search_term_string}"},"query-input":"required name=search_term_string"}],"inLanguage":"pt-BR"},{"@type":"Organization","@id":"https:\/\/sitecgdw.com.br\/vrvidracaria\/#organization","name":"VR Rocha","url":"https:\/\/sitecgdw.com.br\/vrvidracaria\/","logo":{"@type":"ImageObject","inLanguage":"pt-BR","@id":"https:\/\/sitecgdw.com.br\/vrvidracaria\/#\/schema\/logo\/image\/","url":"https:\/\/sitecgdw.com.br\/vrvidracaria\/wp-content\/uploads\/2022\/05\/logo-rocha-vidracaria.png","contentUrl":"https:\/\/sitecgdw.com.br\/vrvidracaria\/wp-content\/uploads\/2022\/05\/logo-rocha-vidracaria.png","width":692,"height":296,"caption":"VR Rocha"},"image":{"@id":"https:\/\/sitecgdw.com.br\/vrvidracaria\/#\/schema\/logo\/image\/"}}]}},"_links":{"self":[{"href":"https:\/\/sitecgdw.com.br\/vrvidracaria\/wp-json\/wp\/v2\/pages\/77","targetHints":{"allow":["GET"]}}],"collection":[{"href":"https:\/\/sitecgdw.com.br\/vrvidracaria\/wp-json\/wp\/v2\/pages"}],"about":[{"href":"https:\/\/sitecgdw.com.br\/vrvidracaria\/wp-json\/wp\/v2\/types\/page"}],"author":[{"embeddable":true,"href":"https:\/\/sitecgdw.com.br\/vrvidracaria\/wp-json\/wp\/v2\/users\/1"}],"replies":[{"embeddable":true,"href":"https:\/\/sitecgdw.com.br\/vrvidracaria\/wp-json\/wp\/v2\/comments?post=77"}],"version-history":[{"count":55,"href":"https:\/\/sitecgdw.com.br\/vrvidracaria\/wp-json\/wp\/v2\/pages\/77\/revisions"}],"predecessor-version":[{"id":808,"href":"https:\/\/sitecgdw.com.br\/vrvidracaria\/wp-json\/wp\/v2\/pages\/77\/revisions\/808"}],"wp:attachment":[{"href":"https:\/\/sitecgdw.com.br\/vrvidracaria\/wp-json\/wp\/v2\/media?parent=77"}],"curies":[{"name":"wp","href":"https:\/\/api.w.org\/{rel}","templated":true}]}}