{"id":75,"date":"2022-05-12T09:58:46","date_gmt":"2022-05-12T12:58:46","guid":{"rendered":"https:\/\/sitecgdw.com.br\/vrvidracaria\/?page_id=75"},"modified":"2023-01-13T10:10:38","modified_gmt":"2023-01-13T13:10:38","slug":"esquadrias-de-pvc-curitiba","status":"publish","type":"page","link":"https:\/\/sitecgdw.com.br\/vrvidracaria\/esquadrias-de-pvc-curitiba\/","title":{"rendered":"Esquadrias de PVC"},"content":{"rendered":"\t\t<div data-elementor-type=\"wp-page\" data-elementor-id=\"75\" class=\"elementor elementor-75\" data-elementor-post-type=\"page\">\n\t\t\t\t\t\t<section class=\"elementor-section elementor-top-section elementor-element elementor-element-cac266c elementor-section-boxed elementor-section-height-default elementor-section-height-default\" data-id=\"cac266c\" data-element_type=\"section\" data-e-type=\"section\">\n\t\t\t\t\t\t\t<div class=\"elementor-background-overlay\"><\/div>\n\t\t\t\t\t\t\t<div class=\"elementor-container elementor-column-gap-default\">\n\t\t\t\t\t<div class=\"elementor-column elementor-col-50 elementor-top-column elementor-element elementor-element-ef23836\" data-id=\"ef23836\" data-element_type=\"column\" data-e-type=\"column\">\n\t\t\t<div class=\"elementor-widget-wrap elementor-element-populated\">\n\t\t\t\t\t\t<div class=\"elementor-element elementor-element-72c678a elementor-widget elementor-widget-heading\" data-id=\"72c678a\" data-element_type=\"widget\" data-e-type=\"widget\" data-widget_type=\"heading.default\">\n\t\t\t\t<div class=\"elementor-widget-container\">\n\t\t\t\t\t<h2 class=\"elementor-heading-title elementor-size-default\">Esquadrias de PVC <br> em Curitiba<\/h2>\t\t\t\t<\/div>\n\t\t\t\t<\/div>\n\t\t\t\t<div class=\"elementor-element elementor-element-0e2b152 elementor-widget elementor-widget-text-editor\" data-id=\"0e2b152\" data-element_type=\"widget\" data-e-type=\"widget\" data-widget_type=\"text-editor.default\">\n\t\t\t\t<div class=\"elementor-widget-container\">\n\t\t\t\t\t\t\t\t\t<p>De material policloreto de vinila, as esquadrias de PVC proporcionam seguran\u00e7a, conforto e acessibilidade.<\/p><p>Possu\u00edmos janelas e portas de PVC.<\/p><p>Diversas op\u00e7\u00f5es de diversos forros de PVC e espessuras, tamanho sob medida e instala\u00e7\u00e3o pr\u00f3pria.<\/p><p>Propriedades<\/p><p>&#8211; Prote\u00e7\u00e3o UV (Raios Ultravioleta);<\/p><p>&#8211; N\u00e3o inflam\u00e1vel;<\/p><p>&#8211; Isolante t\u00e9rmico;<\/p><p>&#8211; Recicl\u00e1vel;<\/p><p>&#8211; Manuten\u00e7\u00e3o facilitada;<\/p><p>&#8211; Sem necessidade de pinta;<\/p><p>&#8211; Veda\u00e7\u00e3o integral.<\/p>\t\t\t\t\t\t\t\t<\/div>\n\t\t\t\t<\/div>\n\t\t\t\t<div class=\"elementor-element elementor-element-0f1a547 elementor-align-left elementor-mobile-align-justify elementor-widget elementor-widget-button\" data-id=\"0f1a547\" data-element_type=\"widget\" data-e-type=\"widget\" data-widget_type=\"button.default\">\n\t\t\t\t<div class=\"elementor-widget-container\">\n\t\t\t\t\t\t\t\t\t<div class=\"elementor-button-wrapper\">\n\t\t\t\t\t<a class=\"elementor-button elementor-button-link elementor-size-sm elementor-animation-sink\" href=\"https:\/\/sitecgdw.com.br\/vrvidracaria\/contato-esquadrias-de-aluminio-curitiba\/\">\n\t\t\t\t\t\t<span class=\"elementor-button-content-wrapper\">\n\t\t\t\t\t\t\t\t\t<span class=\"elementor-button-text\">Fale conosco<\/span>\n\t\t\t\t\t<\/span>\n\t\t\t\t\t<\/a>\n\t\t\t\t<\/div>\n\t\t\t\t\t\t\t\t<\/div>\n\t\t\t\t<\/div>\n\t\t\t\t\t<\/div>\n\t\t<\/div>\n\t\t\t\t<div class=\"elementor-column elementor-col-50 elementor-top-column elementor-element elementor-element-eb338f4\" data-id=\"eb338f4\" data-element_type=\"column\" data-e-type=\"column\">\n\t\t\t<div class=\"elementor-widget-wrap elementor-element-populated\">\n\t\t\t\t\t\t<div class=\"elementor-element elementor-element-fe55ae6 elementor-widget elementor-widget-image\" data-id=\"fe55ae6\" data-element_type=\"widget\" data-e-type=\"widget\" data-widget_type=\"image.default\">\n\t\t\t\t<div class=\"elementor-widget-container\">\n\t\t\t\t\t\t\t\t\t\t\t\t\t\t\t<img fetchpriority=\"high\" decoding=\"async\" width=\"800\" height=\"800\" src=\"https:\/\/sitecgdw.com.br\/vrvidracaria\/wp-content\/uploads\/2022\/05\/janela.png\" class=\"attachment-large size-large wp-image-407\" alt=\"\" srcset=\"https:\/\/sitecgdw.com.br\/vrvidracaria\/wp-content\/uploads\/2022\/05\/janela.png 900w, https:\/\/sitecgdw.com.br\/vrvidracaria\/wp-content\/uploads\/2022\/05\/janela-300x300.png 300w, https:\/\/sitecgdw.com.br\/vrvidracaria\/wp-content\/uploads\/2022\/05\/janela-150x150.png 150w, https:\/\/sitecgdw.com.br\/vrvidracaria\/wp-content\/uploads\/2022\/05\/janela-768x768.png 768w\" sizes=\"(max-width: 800px) 100vw, 800px\" \/>\t\t\t\t\t\t\t\t\t\t\t\t\t\t\t<\/div>\n\t\t\t\t<\/div>\n\t\t\t\t\t<\/div>\n\t\t<\/div>\n\t\t\t\t\t<\/div>\n\t\t<\/section>\n\t\t\t\t<section class=\"elementor-section elementor-top-section elementor-element elementor-element-70ede32 elementor-section-boxed elementor-section-height-default elementor-section-height-default\" data-id=\"70ede32\" data-element_type=\"section\" data-e-type=\"section\">\n\t\t\t\t\t\t<div class=\"elementor-container elementor-column-gap-default\">\n\t\t\t\t\t<div class=\"elementor-column elementor-col-100 elementor-top-column elementor-element elementor-element-1594f6b\" data-id=\"1594f6b\" data-element_type=\"column\" data-e-type=\"column\">\n\t\t\t<div class=\"elementor-widget-wrap\">\n\t\t\t\t\t\t\t<\/div>\n\t\t<\/div>\n\t\t\t\t\t<\/div>\n\t\t<\/section>\n\t\t\t\t<section class=\"elementor-section elementor-top-section elementor-element elementor-element-3226d80 elementor-section-boxed elementor-section-height-default elementor-section-height-default\" data-id=\"3226d80\" data-element_type=\"section\" data-e-type=\"section\">\n\t\t\t\t\t\t<div class=\"elementor-container elementor-column-gap-default\">\n\t\t\t\t\t<div class=\"elementor-column elementor-col-100 elementor-top-column elementor-element elementor-element-0181655\" data-id=\"0181655\" data-element_type=\"column\" data-e-type=\"column\">\n\t\t\t<div class=\"elementor-widget-wrap elementor-element-populated\">\n\t\t\t\t\t\t<div class=\"elementor-element elementor-element-a16bf32 elementor-grid-3 elementor-grid-tablet-2 elementor-grid-mobile-1 elementor-posts--thumbnail-top elementor-card-shadow-yes elementor-posts__hover-gradient elementor-widget elementor-widget-posts\" data-id=\"a16bf32\" data-element_type=\"widget\" data-e-type=\"widget\" data-settings=\"{&quot;pagination_type&quot;:&quot;numbers&quot;,&quot;cards_columns&quot;:&quot;3&quot;,&quot;cards_columns_tablet&quot;:&quot;2&quot;,&quot;cards_columns_mobile&quot;:&quot;1&quot;,&quot;cards_row_gap&quot;:{&quot;unit&quot;:&quot;px&quot;,&quot;size&quot;:35,&quot;sizes&quot;:[]},&quot;cards_row_gap_tablet&quot;:{&quot;unit&quot;:&quot;px&quot;,&quot;size&quot;:&quot;&quot;,&quot;sizes&quot;:[]},&quot;cards_row_gap_mobile&quot;:{&quot;unit&quot;:&quot;px&quot;,&quot;size&quot;:&quot;&quot;,&quot;sizes&quot;:[]}}\" data-widget_type=\"posts.cards\">\n\t\t\t\t<div class=\"elementor-widget-container\">\n\t\t\t\t\t\t\t<div class=\"elementor-posts-container elementor-posts elementor-posts--skin-cards elementor-grid\" role=\"list\">\n\t\t\t\t<article class=\"elementor-post elementor-grid-item post-711 produtos type-produtos status-publish has-post-thumbnail hentry tipos_de_produtos-pvc\" role=\"listitem\">\n\t\t\t<div class=\"elementor-post__card\">\n\t\t\t\t<a class=\"elementor-post__thumbnail__link\" href=\"https:\/\/sitecgdw.com.br\/vrvidracaria\/produtos\/porta-e-janela-de-correr-2\/\" tabindex=\"-1\" ><div class=\"elementor-post__thumbnail\"><img decoding=\"async\" width=\"300\" height=\"169\" src=\"https:\/\/sitecgdw.com.br\/vrvidracaria\/wp-content\/uploads\/2022\/05\/fafc28_58f415c701aa40d2bb965303d9dbee7c_mv2-300x169.webp\" class=\"attachment-medium size-medium wp-image-324\" alt=\"\" srcset=\"https:\/\/sitecgdw.com.br\/vrvidracaria\/wp-content\/uploads\/2022\/05\/fafc28_58f415c701aa40d2bb965303d9dbee7c_mv2-300x169.webp 300w, https:\/\/sitecgdw.com.br\/vrvidracaria\/wp-content\/uploads\/2022\/05\/fafc28_58f415c701aa40d2bb965303d9dbee7c_mv2.webp 653w\" sizes=\"(max-width: 300px) 100vw, 300px\" \/><\/div><\/a>\n\t\t\t\t<div class=\"elementor-post__text\">\n\t\t\t\t<h3 class=\"elementor-post__title\">\n\t\t\t<a href=\"https:\/\/sitecgdw.com.br\/vrvidracaria\/produtos\/porta-e-janela-de-correr-2\/\" >\n\t\t\t\tPorta e janela de correr 2\t\t\t<\/a>\n\t\t<\/h3>\n\t\t\n\t\t<a class=\"elementor-post__read-more\" href=\"https:\/\/sitecgdw.com.br\/vrvidracaria\/produtos\/porta-e-janela-de-correr-2\/\" aria-label=\"Read more about Porta e janela de correr 2\" tabindex=\"-1\" >\n\t\t\tSaiba mais\t\t<\/a>\n\n\t\t\t\t<\/div>\n\t\t\t\t\t<\/div>\n\t\t<\/article>\n\t\t\t\t<\/div>\n\t\t\n\t\t\t\t\t\t<\/div>\n\t\t\t\t<\/div>\n\t\t\t\t\t<\/div>\n\t\t<\/div>\n\t\t\t\t\t<\/div>\n\t\t<\/section>\n\t\t\t\t<\/div>\n\t\t","protected":false},"excerpt":{"rendered":"<p>Esquadrias de PVC em Curitiba De material policloreto de vinila, as esquadrias de PVC proporcionam seguran\u00e7a, conforto e acessibilidade. Possu\u00edmos janelas e portas de PVC.<\/p>\n","protected":false},"author":1,"featured_media":0,"parent":0,"menu_order":0,"comment_status":"closed","ping_status":"closed","template":"elementor_header_footer","meta":{"_acf_changed":false,"inline_featured_image":false,"footnotes":""},"class_list":["post-75","page","type-page","status-publish","hentry"],"acf":[],"yoast_head":"<!-- This site is optimized with the Yoast SEO plugin v19.14 - https:\/\/yoast.com\/wordpress\/plugins\/seo\/ -->\n<title>Esquadrias de PVC - VR Rocha<\/title>\n<meta name=\"robots\" content=\"index, follow, max-snippet:-1, max-image-preview:large, max-video-preview:-1\" \/>\n<link rel=\"canonical\" href=\"https:\/\/sitecgdw.com.br\/vrvidracaria\/esquadrias-de-pvc-curitiba\/\" \/>\n<meta property=\"og:locale\" content=\"pt_BR\" \/>\n<meta property=\"og:type\" content=\"article\" \/>\n<meta property=\"og:title\" content=\"Esquadrias de PVC - VR Rocha\" \/>\n<meta property=\"og:description\" content=\"Esquadrias de PVC em Curitiba De material policloreto de vinila, as esquadrias de PVC proporcionam seguran\u00e7a, conforto e acessibilidade. Possu\u00edmos janelas e portas de PVC.\" \/>\n<meta property=\"og:url\" content=\"https:\/\/sitecgdw.com.br\/vrvidracaria\/esquadrias-de-pvc-curitiba\/\" \/>\n<meta property=\"og:site_name\" content=\"VR Rocha\" \/>\n<meta property=\"article:modified_time\" content=\"2023-01-13T13:10:38+00:00\" \/>\n<meta property=\"og:image\" content=\"https:\/\/sitecgdw.com.br\/vrvidracaria\/wp-content\/uploads\/2022\/05\/janela.png\" \/>\n<meta name=\"twitter:card\" content=\"summary_large_image\" \/>\n<meta name=\"twitter:label1\" content=\"Est. tempo de leitura\" \/>\n\t<meta name=\"twitter:data1\" content=\"1 minuto\" \/>\n<script type=\"application\/ld+json\" class=\"yoast-schema-graph\">{\"@context\":\"https:\/\/schema.org\",\"@graph\":[{\"@type\":\"WebPage\",\"@id\":\"https:\/\/sitecgdw.com.br\/vrvidracaria\/esquadrias-de-pvc-curitiba\/\",\"url\":\"https:\/\/sitecgdw.com.br\/vrvidracaria\/esquadrias-de-pvc-curitiba\/\",\"name\":\"Esquadrias de PVC - VR Rocha\",\"isPartOf\":{\"@id\":\"https:\/\/sitecgdw.com.br\/vrvidracaria\/#website\"},\"datePublished\":\"2022-05-12T12:58:46+00:00\",\"dateModified\":\"2023-01-13T13:10:38+00:00\",\"breadcrumb\":{\"@id\":\"https:\/\/sitecgdw.com.br\/vrvidracaria\/esquadrias-de-pvc-curitiba\/#breadcrumb\"},\"inLanguage\":\"pt-BR\",\"potentialAction\":[{\"@type\":\"ReadAction\",\"target\":[\"https:\/\/sitecgdw.com.br\/vrvidracaria\/esquadrias-de-pvc-curitiba\/\"]}]},{\"@type\":\"BreadcrumbList\",\"@id\":\"https:\/\/sitecgdw.com.br\/vrvidracaria\/esquadrias-de-pvc-curitiba\/#breadcrumb\",\"itemListElement\":[{\"@type\":\"ListItem\",\"position\":1,\"name\":\"In\u00edcio\",\"item\":\"https:\/\/sitecgdw.com.br\/vrvidracaria\/\"},{\"@type\":\"ListItem\",\"position\":2,\"name\":\"Esquadrias de PVC\"}]},{\"@type\":\"WebSite\",\"@id\":\"https:\/\/sitecgdw.com.br\/vrvidracaria\/#website\",\"url\":\"https:\/\/sitecgdw.com.br\/vrvidracaria\/\",\"name\":\"VR Rocha\",\"description\":\"Vidra\u00e7aria e esquadrias de alum\u00ednio e PVC\",\"publisher\":{\"@id\":\"https:\/\/sitecgdw.com.br\/vrvidracaria\/#organization\"},\"potentialAction\":[{\"@type\":\"SearchAction\",\"target\":{\"@type\":\"EntryPoint\",\"urlTemplate\":\"https:\/\/sitecgdw.com.br\/vrvidracaria\/?s={search_term_string}\"},\"query-input\":\"required name=search_term_string\"}],\"inLanguage\":\"pt-BR\"},{\"@type\":\"Organization\",\"@id\":\"https:\/\/sitecgdw.com.br\/vrvidracaria\/#organization\",\"name\":\"VR Rocha\",\"url\":\"https:\/\/sitecgdw.com.br\/vrvidracaria\/\",\"logo\":{\"@type\":\"ImageObject\",\"inLanguage\":\"pt-BR\",\"@id\":\"https:\/\/sitecgdw.com.br\/vrvidracaria\/#\/schema\/logo\/image\/\",\"url\":\"https:\/\/sitecgdw.com.br\/vrvidracaria\/wp-content\/uploads\/2022\/05\/logo-rocha-vidracaria.png\",\"contentUrl\":\"https:\/\/sitecgdw.com.br\/vrvidracaria\/wp-content\/uploads\/2022\/05\/logo-rocha-vidracaria.png\",\"width\":692,\"height\":296,\"caption\":\"VR Rocha\"},\"image\":{\"@id\":\"https:\/\/sitecgdw.com.br\/vrvidracaria\/#\/schema\/logo\/image\/\"}}]}<\/script>\n<!-- \/ Yoast SEO plugin. -->","yoast_head_json":{"title":"Esquadrias de PVC - VR Rocha","robots":{"index":"index","follow":"follow","max-snippet":"max-snippet:-1","max-image-preview":"max-image-preview:large","max-video-preview":"max-video-preview:-1"},"canonical":"https:\/\/sitecgdw.com.br\/vrvidracaria\/esquadrias-de-pvc-curitiba\/","og_locale":"pt_BR","og_type":"article","og_title":"Esquadrias de PVC - VR Rocha","og_description":"Esquadrias de PVC em Curitiba De material policloreto de vinila, as esquadrias de PVC proporcionam seguran\u00e7a, conforto e acessibilidade. Possu\u00edmos janelas e portas de PVC.","og_url":"https:\/\/sitecgdw.com.br\/vrvidracaria\/esquadrias-de-pvc-curitiba\/","og_site_name":"VR Rocha","article_modified_time":"2023-01-13T13:10:38+00:00","og_image":[{"url":"https:\/\/sitecgdw.com.br\/vrvidracaria\/wp-content\/uploads\/2022\/05\/janela.png"}],"twitter_card":"summary_large_image","twitter_misc":{"Est. tempo de leitura":"1 minuto"},"schema":{"@context":"https:\/\/schema.org","@graph":[{"@type":"WebPage","@id":"https:\/\/sitecgdw.com.br\/vrvidracaria\/esquadrias-de-pvc-curitiba\/","url":"https:\/\/sitecgdw.com.br\/vrvidracaria\/esquadrias-de-pvc-curitiba\/","name":"Esquadrias de PVC - VR Rocha","isPartOf":{"@id":"https:\/\/sitecgdw.com.br\/vrvidracaria\/#website"},"datePublished":"2022-05-12T12:58:46+00:00","dateModified":"2023-01-13T13:10:38+00:00","breadcrumb":{"@id":"https:\/\/sitecgdw.com.br\/vrvidracaria\/esquadrias-de-pvc-curitiba\/#breadcrumb"},"inLanguage":"pt-BR","potentialAction":[{"@type":"ReadAction","target":["https:\/\/sitecgdw.com.br\/vrvidracaria\/esquadrias-de-pvc-curitiba\/"]}]},{"@type":"BreadcrumbList","@id":"https:\/\/sitecgdw.com.br\/vrvidracaria\/esquadrias-de-pvc-curitiba\/#breadcrumb","itemListElement":[{"@type":"ListItem","position":1,"name":"In\u00edcio","item":"https:\/\/sitecgdw.com.br\/vrvidracaria\/"},{"@type":"ListItem","position":2,"name":"Esquadrias de PVC"}]},{"@type":"WebSite","@id":"https:\/\/sitecgdw.com.br\/vrvidracaria\/#website","url":"https:\/\/sitecgdw.com.br\/vrvidracaria\/","name":"VR Rocha","description":"Vidra\u00e7aria e esquadrias de alum\u00ednio e PVC","publisher":{"@id":"https:\/\/sitecgdw.com.br\/vrvidracaria\/#organization"},"potentialAction":[{"@type":"SearchAction","target":{"@type":"EntryPoint","urlTemplate":"https:\/\/sitecgdw.com.br\/vrvidracaria\/?s={search_term_string}"},"query-input":"required name=search_term_string"}],"inLanguage":"pt-BR"},{"@type":"Organization","@id":"https:\/\/sitecgdw.com.br\/vrvidracaria\/#organization","name":"VR Rocha","url":"https:\/\/sitecgdw.com.br\/vrvidracaria\/","logo":{"@type":"ImageObject","inLanguage":"pt-BR","@id":"https:\/\/sitecgdw.com.br\/vrvidracaria\/#\/schema\/logo\/image\/","url":"https:\/\/sitecgdw.com.br\/vrvidracaria\/wp-content\/uploads\/2022\/05\/logo-rocha-vidracaria.png","contentUrl":"https:\/\/sitecgdw.com.br\/vrvidracaria\/wp-content\/uploads\/2022\/05\/logo-rocha-vidracaria.png","width":692,"height":296,"caption":"VR Rocha"},"image":{"@id":"https:\/\/sitecgdw.com.br\/vrvidracaria\/#\/schema\/logo\/image\/"}}]}},"_links":{"self":[{"href":"https:\/\/sitecgdw.com.br\/vrvidracaria\/wp-json\/wp\/v2\/pages\/75","targetHints":{"allow":["GET"]}}],"collection":[{"href":"https:\/\/sitecgdw.com.br\/vrvidracaria\/wp-json\/wp\/v2\/pages"}],"about":[{"href":"https:\/\/sitecgdw.com.br\/vrvidracaria\/wp-json\/wp\/v2\/types\/page"}],"author":[{"embeddable":true,"href":"https:\/\/sitecgdw.com.br\/vrvidracaria\/wp-json\/wp\/v2\/users\/1"}],"replies":[{"embeddable":true,"href":"https:\/\/sitecgdw.com.br\/vrvidracaria\/wp-json\/wp\/v2\/comments?post=75"}],"version-history":[{"count":56,"href":"https:\/\/sitecgdw.com.br\/vrvidracaria\/wp-json\/wp\/v2\/pages\/75\/revisions"}],"predecessor-version":[{"id":814,"href":"https:\/\/sitecgdw.com.br\/vrvidracaria\/wp-json\/wp\/v2\/pages\/75\/revisions\/814"}],"wp:attachment":[{"href":"https:\/\/sitecgdw.com.br\/vrvidracaria\/wp-json\/wp\/v2\/media?parent=75"}],"curies":[{"name":"wp","href":"https:\/\/api.w.org\/{rel}","templated":true}]}}