{"id":72,"date":"2022-05-12T09:58:25","date_gmt":"2022-05-12T12:58:25","guid":{"rendered":"https:\/\/sitecgdw.com.br\/vrvidracaria\/?page_id=72"},"modified":"2023-01-13T10:10:32","modified_gmt":"2023-01-13T13:10:32","slug":"esquadrias-de-aluminio-curitiba","status":"publish","type":"page","link":"https:\/\/sitecgdw.com.br\/vrvidracaria\/esquadrias-de-aluminio-curitiba\/","title":{"rendered":"Esquadrias de Alum\u00ednio"},"content":{"rendered":"\t\t<div data-elementor-type=\"wp-page\" data-elementor-id=\"72\" class=\"elementor elementor-72\" data-elementor-post-type=\"page\">\n\t\t\t\t\t\t<section class=\"elementor-section elementor-top-section elementor-element elementor-element-4d0bdcf elementor-section-boxed elementor-section-height-default elementor-section-height-default\" data-id=\"4d0bdcf\" data-element_type=\"section\" data-e-type=\"section\">\n\t\t\t\t\t\t\t<div class=\"elementor-background-overlay\"><\/div>\n\t\t\t\t\t\t\t<div class=\"elementor-container elementor-column-gap-default\">\n\t\t\t\t\t<div class=\"elementor-column elementor-col-50 elementor-top-column elementor-element elementor-element-63c1c05\" data-id=\"63c1c05\" data-element_type=\"column\" data-e-type=\"column\">\n\t\t\t<div class=\"elementor-widget-wrap elementor-element-populated\">\n\t\t\t\t\t\t<div class=\"elementor-element elementor-element-e8a2c98 elementor-widget elementor-widget-heading\" data-id=\"e8a2c98\" data-element_type=\"widget\" data-e-type=\"widget\" data-widget_type=\"heading.default\">\n\t\t\t\t<div class=\"elementor-widget-container\">\n\t\t\t\t\t<h2 class=\"elementor-heading-title elementor-size-default\">Esquadrias de Alum\u00ednio<\/h2>\t\t\t\t<\/div>\n\t\t\t\t<\/div>\n\t\t\t\t<div class=\"elementor-element elementor-element-230f915 elementor-widget elementor-widget-text-editor\" data-id=\"230f915\" data-element_type=\"widget\" data-e-type=\"widget\" data-widget_type=\"text-editor.default\">\n\t\t\t\t<div class=\"elementor-widget-container\">\n\t\t\t\t\t\t\t\t\t<p>As Esquadrias de Alum\u00ednio da Vidra\u00e7aria Rocha contam com a mais alta tecnologia e seguran\u00e7a de acordo com as normas t\u00e9cnicas da ABNT, instaladas e por profissionais.<\/p><p>Produzimos esquadrias de alum\u00ednio nas linhas: Suprema, Imperial 2.5, Imperial 3.5 e Gold. Al\u00e9m disso, instalamos pele de vidro \u201cstructural glazing\u201d, janela integrada autom\u00e1tica\/manual, portas especiais de alum\u00ednio para entrada, que deixam as obras impec\u00e1veis e seguras.<\/p><p>Trabalhamos com esquadrias de alum\u00ednio sob medida, instala\u00e7\u00e3o especializada e fabrica\u00e7\u00e3o pr\u00f3pria.<\/p><p><strong>Benef\u00edcios da esquadria de alum\u00ednio<\/strong><\/p><p>As esquadrias de alum\u00ednio s\u00e3o essenciais em projetos valorizados e sofisticados. Com qualidade e instala\u00e7\u00e3o precisa, elas ajudam a proteger o ambiente de vento, chuva e umidade.<\/p><p>Al\u00e9m disso, s\u00e3o desenvolvidas com material resistente \u00e0 corros\u00e3o e possuem design sofisticado, o que traz \u00f3timo custo-benef\u00edcio e personaliza\u00e7\u00e3o.\u00a0<\/p>\t\t\t\t\t\t\t\t<\/div>\n\t\t\t\t<\/div>\n\t\t\t\t<div class=\"elementor-element elementor-element-ea9bf82 elementor-align-left elementor-mobile-align-justify elementor-widget elementor-widget-button\" data-id=\"ea9bf82\" data-element_type=\"widget\" data-e-type=\"widget\" data-widget_type=\"button.default\">\n\t\t\t\t<div class=\"elementor-widget-container\">\n\t\t\t\t\t\t\t\t\t<div class=\"elementor-button-wrapper\">\n\t\t\t\t\t<a class=\"elementor-button elementor-button-link elementor-size-sm elementor-animation-sink\" href=\"https:\/\/sitecgdw.com.br\/vrvidracaria\/contato-esquadrias-de-aluminio-curitiba\/\">\n\t\t\t\t\t\t<span class=\"elementor-button-content-wrapper\">\n\t\t\t\t\t\t\t\t\t<span class=\"elementor-button-text\">Fale conosco<\/span>\n\t\t\t\t\t<\/span>\n\t\t\t\t\t<\/a>\n\t\t\t\t<\/div>\n\t\t\t\t\t\t\t\t<\/div>\n\t\t\t\t<\/div>\n\t\t\t\t\t<\/div>\n\t\t<\/div>\n\t\t\t\t<div class=\"elementor-column elementor-col-50 elementor-top-column elementor-element elementor-element-bb2990e\" data-id=\"bb2990e\" data-element_type=\"column\" data-e-type=\"column\">\n\t\t\t<div class=\"elementor-widget-wrap elementor-element-populated\">\n\t\t\t\t\t\t<div class=\"elementor-element elementor-element-fd64eea elementor-widget elementor-widget-image\" data-id=\"fd64eea\" data-element_type=\"widget\" data-e-type=\"widget\" data-widget_type=\"image.default\">\n\t\t\t\t<div class=\"elementor-widget-container\">\n\t\t\t\t\t\t\t\t\t\t\t\t\t\t\t<img decoding=\"async\" src=\"https:\/\/sitecgdw.com.br\/vrvidracaria\/wp-content\/uploads\/elementor\/thumbs\/afg1gs4-pqqwr0s9wvh4nd2b3lugzkpyf6t0ryehjk9xc7z7ns.jpg\" title=\"afg1gs4\" alt=\"afg1gs4\" loading=\"lazy\" \/>\t\t\t\t\t\t\t\t\t\t\t\t\t\t\t<\/div>\n\t\t\t\t<\/div>\n\t\t\t\t\t<\/div>\n\t\t<\/div>\n\t\t\t\t\t<\/div>\n\t\t<\/section>\n\t\t\t\t<section class=\"elementor-section elementor-top-section elementor-element elementor-element-8c09bb3 elementor-section-boxed elementor-section-height-default elementor-section-height-default\" data-id=\"8c09bb3\" data-element_type=\"section\" data-e-type=\"section\">\n\t\t\t\t\t\t<div class=\"elementor-container elementor-column-gap-default\">\n\t\t\t\t\t<div class=\"elementor-column elementor-col-100 elementor-top-column elementor-element elementor-element-30d4e8a\" data-id=\"30d4e8a\" data-element_type=\"column\" data-e-type=\"column\">\n\t\t\t<div class=\"elementor-widget-wrap elementor-element-populated\">\n\t\t\t\t\t\t<div class=\"elementor-element elementor-element-7c968ea elementor-grid-3 elementor-grid-tablet-2 elementor-grid-mobile-1 elementor-posts--thumbnail-top elementor-card-shadow-yes elementor-posts__hover-gradient elementor-widget elementor-widget-posts\" data-id=\"7c968ea\" data-element_type=\"widget\" data-e-type=\"widget\" data-settings=\"{&quot;pagination_type&quot;:&quot;numbers&quot;,&quot;cards_columns&quot;:&quot;3&quot;,&quot;cards_columns_tablet&quot;:&quot;2&quot;,&quot;cards_columns_mobile&quot;:&quot;1&quot;,&quot;cards_row_gap&quot;:{&quot;unit&quot;:&quot;px&quot;,&quot;size&quot;:35,&quot;sizes&quot;:[]},&quot;cards_row_gap_tablet&quot;:{&quot;unit&quot;:&quot;px&quot;,&quot;size&quot;:&quot;&quot;,&quot;sizes&quot;:[]},&quot;cards_row_gap_mobile&quot;:{&quot;unit&quot;:&quot;px&quot;,&quot;size&quot;:&quot;&quot;,&quot;sizes&quot;:[]}}\" data-widget_type=\"posts.cards\">\n\t\t\t\t<div class=\"elementor-widget-container\">\n\t\t\t\t\t\t\t<div class=\"elementor-posts-container elementor-posts elementor-posts--skin-cards elementor-grid\" role=\"list\">\n\t\t\t\t<article class=\"elementor-post elementor-grid-item post-323 produtos type-produtos status-publish has-post-thumbnail hentry tipos_de_produtos-esquadrias-de-aluminio\" role=\"listitem\">\n\t\t\t<div class=\"elementor-post__card\">\n\t\t\t\t<a class=\"elementor-post__thumbnail__link\" href=\"https:\/\/sitecgdw.com.br\/vrvidracaria\/produtos\/porta-e-janela-de-correr\/\" tabindex=\"-1\" ><div class=\"elementor-post__thumbnail\"><img fetchpriority=\"high\" decoding=\"async\" width=\"300\" height=\"169\" src=\"https:\/\/sitecgdw.com.br\/vrvidracaria\/wp-content\/uploads\/2022\/05\/fafc28_58f415c701aa40d2bb965303d9dbee7c_mv2-300x169.webp\" class=\"attachment-medium size-medium wp-image-324\" alt=\"\" srcset=\"https:\/\/sitecgdw.com.br\/vrvidracaria\/wp-content\/uploads\/2022\/05\/fafc28_58f415c701aa40d2bb965303d9dbee7c_mv2-300x169.webp 300w, https:\/\/sitecgdw.com.br\/vrvidracaria\/wp-content\/uploads\/2022\/05\/fafc28_58f415c701aa40d2bb965303d9dbee7c_mv2.webp 653w\" sizes=\"(max-width: 300px) 100vw, 300px\" \/><\/div><\/a>\n\t\t\t\t<div class=\"elementor-post__text\">\n\t\t\t\t<h3 class=\"elementor-post__title\">\n\t\t\t<a href=\"https:\/\/sitecgdw.com.br\/vrvidracaria\/produtos\/porta-e-janela-de-correr\/\" >\n\t\t\t\tPorta e janela de correr\t\t\t<\/a>\n\t\t<\/h3>\n\t\t\n\t\t<a class=\"elementor-post__read-more\" href=\"https:\/\/sitecgdw.com.br\/vrvidracaria\/produtos\/porta-e-janela-de-correr\/\" aria-label=\"Read more about Porta e janela de correr\" tabindex=\"-1\" >\n\t\t\tSaiba mais\t\t<\/a>\n\n\t\t\t\t<\/div>\n\t\t\t\t\t<\/div>\n\t\t<\/article>\n\t\t\t\t<\/div>\n\t\t\n\t\t\t\t\t\t<\/div>\n\t\t\t\t<\/div>\n\t\t\t\t\t<\/div>\n\t\t<\/div>\n\t\t\t\t\t<\/div>\n\t\t<\/section>\n\t\t\t\t<\/div>\n\t\t","protected":false},"excerpt":{"rendered":"<p>Esquadrias de Alum\u00ednio As Esquadrias de Alum\u00ednio da Vidra\u00e7aria Rocha contam com a mais alta tecnologia e seguran\u00e7a de acordo com as normas t\u00e9cnicas da<\/p>\n","protected":false},"author":1,"featured_media":0,"parent":0,"menu_order":0,"comment_status":"closed","ping_status":"closed","template":"elementor_header_footer","meta":{"_acf_changed":false,"inline_featured_image":false,"footnotes":""},"class_list":["post-72","page","type-page","status-publish","hentry"],"acf":[],"yoast_head":"<!-- This site is optimized with the Yoast SEO plugin v19.14 - https:\/\/yoast.com\/wordpress\/plugins\/seo\/ -->\n<title>Esquadrias de Alum\u00ednio - VR Rocha<\/title>\n<meta name=\"robots\" content=\"index, follow, max-snippet:-1, max-image-preview:large, max-video-preview:-1\" \/>\n<link rel=\"canonical\" href=\"https:\/\/sitecgdw.com.br\/vrvidracaria\/esquadrias-de-aluminio-curitiba\/\" \/>\n<meta property=\"og:locale\" content=\"pt_BR\" \/>\n<meta property=\"og:type\" content=\"article\" \/>\n<meta property=\"og:title\" content=\"Esquadrias de Alum\u00ednio - VR Rocha\" \/>\n<meta property=\"og:description\" content=\"Esquadrias de Alum\u00ednio As Esquadrias de Alum\u00ednio da Vidra\u00e7aria Rocha contam com a mais alta tecnologia e seguran\u00e7a de acordo com as normas t\u00e9cnicas da\" \/>\n<meta property=\"og:url\" content=\"https:\/\/sitecgdw.com.br\/vrvidracaria\/esquadrias-de-aluminio-curitiba\/\" \/>\n<meta property=\"og:site_name\" content=\"VR Rocha\" \/>\n<meta property=\"article:modified_time\" content=\"2023-01-13T13:10:32+00:00\" \/>\n<meta property=\"og:image\" content=\"https:\/\/sitecgdw.com.br\/vrvidracaria\/wp-content\/uploads\/elementor\/thumbs\/afg1gs4-pqqwr0s9wvh4nd2b3lugzkpyf6t0ryehjk9xc7z7ns.jpg\" \/>\n<meta name=\"twitter:card\" content=\"summary_large_image\" \/>\n<meta name=\"twitter:label1\" content=\"Est. tempo de leitura\" \/>\n\t<meta name=\"twitter:data1\" content=\"2 minutos\" \/>\n<script type=\"application\/ld+json\" class=\"yoast-schema-graph\">{\"@context\":\"https:\/\/schema.org\",\"@graph\":[{\"@type\":\"WebPage\",\"@id\":\"https:\/\/sitecgdw.com.br\/vrvidracaria\/esquadrias-de-aluminio-curitiba\/\",\"url\":\"https:\/\/sitecgdw.com.br\/vrvidracaria\/esquadrias-de-aluminio-curitiba\/\",\"name\":\"Esquadrias de Alum\u00ednio - VR Rocha\",\"isPartOf\":{\"@id\":\"https:\/\/sitecgdw.com.br\/vrvidracaria\/#website\"},\"datePublished\":\"2022-05-12T12:58:25+00:00\",\"dateModified\":\"2023-01-13T13:10:32+00:00\",\"breadcrumb\":{\"@id\":\"https:\/\/sitecgdw.com.br\/vrvidracaria\/esquadrias-de-aluminio-curitiba\/#breadcrumb\"},\"inLanguage\":\"pt-BR\",\"potentialAction\":[{\"@type\":\"ReadAction\",\"target\":[\"https:\/\/sitecgdw.com.br\/vrvidracaria\/esquadrias-de-aluminio-curitiba\/\"]}]},{\"@type\":\"BreadcrumbList\",\"@id\":\"https:\/\/sitecgdw.com.br\/vrvidracaria\/esquadrias-de-aluminio-curitiba\/#breadcrumb\",\"itemListElement\":[{\"@type\":\"ListItem\",\"position\":1,\"name\":\"In\u00edcio\",\"item\":\"https:\/\/sitecgdw.com.br\/vrvidracaria\/\"},{\"@type\":\"ListItem\",\"position\":2,\"name\":\"Esquadrias de Alum\u00ednio\"}]},{\"@type\":\"WebSite\",\"@id\":\"https:\/\/sitecgdw.com.br\/vrvidracaria\/#website\",\"url\":\"https:\/\/sitecgdw.com.br\/vrvidracaria\/\",\"name\":\"VR Rocha\",\"description\":\"Vidra\u00e7aria e esquadrias de alum\u00ednio e PVC\",\"publisher\":{\"@id\":\"https:\/\/sitecgdw.com.br\/vrvidracaria\/#organization\"},\"potentialAction\":[{\"@type\":\"SearchAction\",\"target\":{\"@type\":\"EntryPoint\",\"urlTemplate\":\"https:\/\/sitecgdw.com.br\/vrvidracaria\/?s={search_term_string}\"},\"query-input\":\"required name=search_term_string\"}],\"inLanguage\":\"pt-BR\"},{\"@type\":\"Organization\",\"@id\":\"https:\/\/sitecgdw.com.br\/vrvidracaria\/#organization\",\"name\":\"VR Rocha\",\"url\":\"https:\/\/sitecgdw.com.br\/vrvidracaria\/\",\"logo\":{\"@type\":\"ImageObject\",\"inLanguage\":\"pt-BR\",\"@id\":\"https:\/\/sitecgdw.com.br\/vrvidracaria\/#\/schema\/logo\/image\/\",\"url\":\"https:\/\/sitecgdw.com.br\/vrvidracaria\/wp-content\/uploads\/2022\/05\/logo-rocha-vidracaria.png\",\"contentUrl\":\"https:\/\/sitecgdw.com.br\/vrvidracaria\/wp-content\/uploads\/2022\/05\/logo-rocha-vidracaria.png\",\"width\":692,\"height\":296,\"caption\":\"VR Rocha\"},\"image\":{\"@id\":\"https:\/\/sitecgdw.com.br\/vrvidracaria\/#\/schema\/logo\/image\/\"}}]}<\/script>\n<!-- \/ Yoast SEO plugin. -->","yoast_head_json":{"title":"Esquadrias de Alum\u00ednio - VR Rocha","robots":{"index":"index","follow":"follow","max-snippet":"max-snippet:-1","max-image-preview":"max-image-preview:large","max-video-preview":"max-video-preview:-1"},"canonical":"https:\/\/sitecgdw.com.br\/vrvidracaria\/esquadrias-de-aluminio-curitiba\/","og_locale":"pt_BR","og_type":"article","og_title":"Esquadrias de Alum\u00ednio - VR Rocha","og_description":"Esquadrias de Alum\u00ednio As Esquadrias de Alum\u00ednio da Vidra\u00e7aria Rocha contam com a mais alta tecnologia e seguran\u00e7a de acordo com as normas t\u00e9cnicas da","og_url":"https:\/\/sitecgdw.com.br\/vrvidracaria\/esquadrias-de-aluminio-curitiba\/","og_site_name":"VR Rocha","article_modified_time":"2023-01-13T13:10:32+00:00","og_image":[{"url":"https:\/\/sitecgdw.com.br\/vrvidracaria\/wp-content\/uploads\/elementor\/thumbs\/afg1gs4-pqqwr0s9wvh4nd2b3lugzkpyf6t0ryehjk9xc7z7ns.jpg"}],"twitter_card":"summary_large_image","twitter_misc":{"Est. tempo de leitura":"2 minutos"},"schema":{"@context":"https:\/\/schema.org","@graph":[{"@type":"WebPage","@id":"https:\/\/sitecgdw.com.br\/vrvidracaria\/esquadrias-de-aluminio-curitiba\/","url":"https:\/\/sitecgdw.com.br\/vrvidracaria\/esquadrias-de-aluminio-curitiba\/","name":"Esquadrias de Alum\u00ednio - VR Rocha","isPartOf":{"@id":"https:\/\/sitecgdw.com.br\/vrvidracaria\/#website"},"datePublished":"2022-05-12T12:58:25+00:00","dateModified":"2023-01-13T13:10:32+00:00","breadcrumb":{"@id":"https:\/\/sitecgdw.com.br\/vrvidracaria\/esquadrias-de-aluminio-curitiba\/#breadcrumb"},"inLanguage":"pt-BR","potentialAction":[{"@type":"ReadAction","target":["https:\/\/sitecgdw.com.br\/vrvidracaria\/esquadrias-de-aluminio-curitiba\/"]}]},{"@type":"BreadcrumbList","@id":"https:\/\/sitecgdw.com.br\/vrvidracaria\/esquadrias-de-aluminio-curitiba\/#breadcrumb","itemListElement":[{"@type":"ListItem","position":1,"name":"In\u00edcio","item":"https:\/\/sitecgdw.com.br\/vrvidracaria\/"},{"@type":"ListItem","position":2,"name":"Esquadrias de Alum\u00ednio"}]},{"@type":"WebSite","@id":"https:\/\/sitecgdw.com.br\/vrvidracaria\/#website","url":"https:\/\/sitecgdw.com.br\/vrvidracaria\/","name":"VR Rocha","description":"Vidra\u00e7aria e esquadrias de alum\u00ednio e PVC","publisher":{"@id":"https:\/\/sitecgdw.com.br\/vrvidracaria\/#organization"},"potentialAction":[{"@type":"SearchAction","target":{"@type":"EntryPoint","urlTemplate":"https:\/\/sitecgdw.com.br\/vrvidracaria\/?s={search_term_string}"},"query-input":"required name=search_term_string"}],"inLanguage":"pt-BR"},{"@type":"Organization","@id":"https:\/\/sitecgdw.com.br\/vrvidracaria\/#organization","name":"VR Rocha","url":"https:\/\/sitecgdw.com.br\/vrvidracaria\/","logo":{"@type":"ImageObject","inLanguage":"pt-BR","@id":"https:\/\/sitecgdw.com.br\/vrvidracaria\/#\/schema\/logo\/image\/","url":"https:\/\/sitecgdw.com.br\/vrvidracaria\/wp-content\/uploads\/2022\/05\/logo-rocha-vidracaria.png","contentUrl":"https:\/\/sitecgdw.com.br\/vrvidracaria\/wp-content\/uploads\/2022\/05\/logo-rocha-vidracaria.png","width":692,"height":296,"caption":"VR Rocha"},"image":{"@id":"https:\/\/sitecgdw.com.br\/vrvidracaria\/#\/schema\/logo\/image\/"}}]}},"_links":{"self":[{"href":"https:\/\/sitecgdw.com.br\/vrvidracaria\/wp-json\/wp\/v2\/pages\/72","targetHints":{"allow":["GET"]}}],"collection":[{"href":"https:\/\/sitecgdw.com.br\/vrvidracaria\/wp-json\/wp\/v2\/pages"}],"about":[{"href":"https:\/\/sitecgdw.com.br\/vrvidracaria\/wp-json\/wp\/v2\/types\/page"}],"author":[{"embeddable":true,"href":"https:\/\/sitecgdw.com.br\/vrvidracaria\/wp-json\/wp\/v2\/users\/1"}],"replies":[{"embeddable":true,"href":"https:\/\/sitecgdw.com.br\/vrvidracaria\/wp-json\/wp\/v2\/comments?post=72"}],"version-history":[{"count":109,"href":"https:\/\/sitecgdw.com.br\/vrvidracaria\/wp-json\/wp\/v2\/pages\/72\/revisions"}],"predecessor-version":[{"id":811,"href":"https:\/\/sitecgdw.com.br\/vrvidracaria\/wp-json\/wp\/v2\/pages\/72\/revisions\/811"}],"wp:attachment":[{"href":"https:\/\/sitecgdw.com.br\/vrvidracaria\/wp-json\/wp\/v2\/media?parent=72"}],"curies":[{"name":"wp","href":"https:\/\/api.w.org\/{rel}","templated":true}]}}