{"id":71,"date":"2022-05-12T09:57:46","date_gmt":"2022-05-12T12:57:46","guid":{"rendered":"https:\/\/sitecgdw.com.br\/vrvidracaria\/?page_id=71"},"modified":"2022-12-12T08:23:24","modified_gmt":"2022-12-12T11:23:24","slug":"quem-somos-esquadrias-de-aluminio-curitiba","status":"publish","type":"page","link":"https:\/\/sitecgdw.com.br\/vrvidracaria\/quem-somos-esquadrias-de-aluminio-curitiba\/","title":{"rendered":"Quem somos"},"content":{"rendered":"\t\t<div data-elementor-type=\"wp-page\" data-elementor-id=\"71\" class=\"elementor elementor-71\" data-elementor-post-type=\"page\">\n\t\t\t\t\t\t<section class=\"elementor-section elementor-top-section elementor-element elementor-element-7abd3f0 elementor-section-full_width elementor-section-height-default elementor-section-height-default\" data-id=\"7abd3f0\" data-element_type=\"section\" data-e-type=\"section\" data-settings=\"{&quot;background_background&quot;:&quot;gradient&quot;}\">\n\t\t\t\t\t\t<div class=\"elementor-container elementor-column-gap-default\">\n\t\t\t\t\t<div class=\"elementor-column elementor-col-50 elementor-top-column elementor-element elementor-element-5326f86\" data-id=\"5326f86\" data-element_type=\"column\" data-e-type=\"column\">\n\t\t\t<div class=\"elementor-widget-wrap elementor-element-populated\">\n\t\t\t\t\t\t<div class=\"elementor-element elementor-element-129d97b elementor-widget elementor-widget-heading\" data-id=\"129d97b\" data-element_type=\"widget\" data-e-type=\"widget\" data-widget_type=\"heading.default\">\n\t\t\t\t<div class=\"elementor-widget-container\">\n\t\t\t\t\t<h2 class=\"elementor-heading-title elementor-size-default\">Vidra\u00e7aria Rocha<\/h2>\t\t\t\t<\/div>\n\t\t\t\t<\/div>\n\t\t\t\t<div class=\"elementor-element elementor-element-fc16639 elementor-widget elementor-widget-text-editor\" data-id=\"fc16639\" data-element_type=\"widget\" data-e-type=\"widget\" data-widget_type=\"text-editor.default\">\n\t\t\t\t<div class=\"elementor-widget-container\">\n\t\t\t\t\t\t\t\t\t<div class=\"page\" data-page-number=\"3\" data-loaded=\"true\">\n<div class=\"textLayer\">Nosso Grupo Rocha iniciou as atividades em 2003 atendendo arquitetos, engenheiros, grandes empresas e construtoras do ramo de vidra\u00e7aria. Desde o come\u00e7o, compartilhamos nossas conquistas em conjunto, atendendo clientes que queriam projetos \u00fanicos e especiais.<\/div>\n<div class=\"textLayer\">&nbsp;<\/div>\n<div class=\"textLayer\">Com anseio no crescimento, em 2009 conseguimos ampliar nossa empresa para realizar a fabrica\u00e7\u00e3o e instala\u00e7\u00e3o esquadrias de alum\u00ednio, contramarco de alum\u00ednio e vidros temperados.<\/div>\n<div class=\"textLayer\">\n<p>J\u00e1 em 2018 ampliamos para as esquadrias de PVC, visando atender tudo que o nosso cliente precisa para finalizar seu ambiente com sofistica\u00e7\u00e3o, personaliza\u00e7\u00e3o e confian\u00e7a.&nbsp;<\/p>\n<p><span style=\"background-color: transparent;\">Nosso atendimento \u00e9 um diferencial, entregamos exatamente o que voc\u00ea precisa nas obras e projetos, oferecemos visita t\u00e9cnica e consultoria para oferecer o melhor produto. Venha conhecer nosso Showroom e escolher a sua linha.<\/span><\/p>\n<div class=\"endOfContent\">&nbsp;<\/div>\n<\/div>\n<\/div>\n<div class=\"page\" data-page-number=\"4\" data-loaded=\"true\">\n<div class=\"canvasWrapper\">&nbsp;<\/div>\n<div class=\"textLayer\">&nbsp;<\/div>\n<\/div>\t\t\t\t\t\t\t\t<\/div>\n\t\t\t\t<\/div>\n\t\t\t\t\t<\/div>\n\t\t<\/div>\n\t\t\t\t<div class=\"elementor-column elementor-col-50 elementor-top-column elementor-element elementor-element-6d669d0\" data-id=\"6d669d0\" data-element_type=\"column\" data-e-type=\"column\">\n\t\t\t<div class=\"elementor-widget-wrap elementor-element-populated\">\n\t\t\t\t\t\t<div class=\"elementor-element elementor-element-9a7fe4e elementor-widget elementor-widget-image\" data-id=\"9a7fe4e\" data-element_type=\"widget\" data-e-type=\"widget\" data-widget_type=\"image.default\">\n\t\t\t\t<div class=\"elementor-widget-container\">\n\t\t\t\t\t\t\t\t\t\t\t\t\t\t\t<img fetchpriority=\"high\" decoding=\"async\" width=\"800\" height=\"800\" src=\"https:\/\/sitecgdw.com.br\/vrvidracaria\/wp-content\/uploads\/2022\/11\/v-r-brnaco.png\" class=\"attachment-large size-large wp-image-763\" alt=\"\" srcset=\"https:\/\/sitecgdw.com.br\/vrvidracaria\/wp-content\/uploads\/2022\/11\/v-r-brnaco.png 900w, https:\/\/sitecgdw.com.br\/vrvidracaria\/wp-content\/uploads\/2022\/11\/v-r-brnaco-300x300.png 300w, https:\/\/sitecgdw.com.br\/vrvidracaria\/wp-content\/uploads\/2022\/11\/v-r-brnaco-150x150.png 150w, https:\/\/sitecgdw.com.br\/vrvidracaria\/wp-content\/uploads\/2022\/11\/v-r-brnaco-768x768.png 768w\" sizes=\"(max-width: 800px) 100vw, 800px\" \/>\t\t\t\t\t\t\t\t\t\t\t\t\t\t\t<\/div>\n\t\t\t\t<\/div>\n\t\t\t\t\t<\/div>\n\t\t<\/div>\n\t\t\t\t\t<\/div>\n\t\t<\/section>\n\t\t\t\t<\/div>\n\t\t","protected":false},"excerpt":{"rendered":"<p>Vidra\u00e7aria Rocha Nosso Grupo Rocha iniciou as atividades em 2003 atendendo arquitetos, engenheiros, grandes empresas e construtoras do ramo de vidra\u00e7aria. Desde o come\u00e7o, compartilhamos nossas conquistas em conjunto, atendendo clientes que queriam projetos \u00fanicos e especiais. &nbsp; Com anseio no crescimento, em 2009 conseguimos ampliar nossa empresa para realizar a fabrica\u00e7\u00e3o e instala\u00e7\u00e3o esquadrias [&hellip;]<\/p>\n","protected":false},"author":1,"featured_media":0,"parent":0,"menu_order":0,"comment_status":"closed","ping_status":"closed","template":"elementor_header_footer","meta":{"_acf_changed":false,"inline_featured_image":false,"footnotes":""},"class_list":["post-71","page","type-page","status-publish","hentry"],"acf":[],"yoast_head":"<!-- This site is optimized with the Yoast SEO plugin v19.14 - https:\/\/yoast.com\/wordpress\/plugins\/seo\/ -->\n<title>Quem somos - VR Rocha<\/title>\n<meta name=\"robots\" content=\"index, follow, max-snippet:-1, max-image-preview:large, max-video-preview:-1\" \/>\n<link rel=\"canonical\" href=\"https:\/\/sitecgdw.com.br\/vrvidracaria\/quem-somos-esquadrias-de-aluminio-curitiba\/\" \/>\n<meta property=\"og:locale\" content=\"pt_BR\" \/>\n<meta property=\"og:type\" content=\"article\" \/>\n<meta property=\"og:title\" content=\"Quem somos - VR Rocha\" \/>\n<meta property=\"og:description\" content=\"Vidra\u00e7aria Rocha Nosso Grupo Rocha iniciou as atividades em 2003 atendendo arquitetos, engenheiros, grandes empresas e construtoras do ramo de vidra\u00e7aria. Desde o come\u00e7o, compartilhamos nossas conquistas em conjunto, atendendo clientes que queriam projetos \u00fanicos e especiais. &nbsp; Com anseio no crescimento, em 2009 conseguimos ampliar nossa empresa para realizar a fabrica\u00e7\u00e3o e instala\u00e7\u00e3o esquadrias [&hellip;]\" \/>\n<meta property=\"og:url\" content=\"https:\/\/sitecgdw.com.br\/vrvidracaria\/quem-somos-esquadrias-de-aluminio-curitiba\/\" \/>\n<meta property=\"og:site_name\" content=\"VR Rocha\" \/>\n<meta property=\"article:modified_time\" content=\"2022-12-12T11:23:24+00:00\" \/>\n<meta property=\"og:image\" content=\"https:\/\/sitecgdw.com.br\/vrvidracaria\/wp-content\/uploads\/2022\/11\/v-r-brnaco.png\" \/>\n<meta name=\"twitter:card\" content=\"summary_large_image\" \/>\n<meta name=\"twitter:label1\" content=\"Est. tempo de leitura\" \/>\n\t<meta name=\"twitter:data1\" content=\"1 minuto\" \/>\n<script type=\"application\/ld+json\" class=\"yoast-schema-graph\">{\"@context\":\"https:\/\/schema.org\",\"@graph\":[{\"@type\":\"WebPage\",\"@id\":\"https:\/\/sitecgdw.com.br\/vrvidracaria\/quem-somos-esquadrias-de-aluminio-curitiba\/\",\"url\":\"https:\/\/sitecgdw.com.br\/vrvidracaria\/quem-somos-esquadrias-de-aluminio-curitiba\/\",\"name\":\"Quem somos - VR Rocha\",\"isPartOf\":{\"@id\":\"https:\/\/sitecgdw.com.br\/vrvidracaria\/#website\"},\"datePublished\":\"2022-05-12T12:57:46+00:00\",\"dateModified\":\"2022-12-12T11:23:24+00:00\",\"breadcrumb\":{\"@id\":\"https:\/\/sitecgdw.com.br\/vrvidracaria\/quem-somos-esquadrias-de-aluminio-curitiba\/#breadcrumb\"},\"inLanguage\":\"pt-BR\",\"potentialAction\":[{\"@type\":\"ReadAction\",\"target\":[\"https:\/\/sitecgdw.com.br\/vrvidracaria\/quem-somos-esquadrias-de-aluminio-curitiba\/\"]}]},{\"@type\":\"BreadcrumbList\",\"@id\":\"https:\/\/sitecgdw.com.br\/vrvidracaria\/quem-somos-esquadrias-de-aluminio-curitiba\/#breadcrumb\",\"itemListElement\":[{\"@type\":\"ListItem\",\"position\":1,\"name\":\"In\u00edcio\",\"item\":\"https:\/\/sitecgdw.com.br\/vrvidracaria\/\"},{\"@type\":\"ListItem\",\"position\":2,\"name\":\"Quem somos\"}]},{\"@type\":\"WebSite\",\"@id\":\"https:\/\/sitecgdw.com.br\/vrvidracaria\/#website\",\"url\":\"https:\/\/sitecgdw.com.br\/vrvidracaria\/\",\"name\":\"VR Rocha\",\"description\":\"Vidra\u00e7aria e esquadrias de alum\u00ednio e PVC\",\"publisher\":{\"@id\":\"https:\/\/sitecgdw.com.br\/vrvidracaria\/#organization\"},\"potentialAction\":[{\"@type\":\"SearchAction\",\"target\":{\"@type\":\"EntryPoint\",\"urlTemplate\":\"https:\/\/sitecgdw.com.br\/vrvidracaria\/?s={search_term_string}\"},\"query-input\":\"required name=search_term_string\"}],\"inLanguage\":\"pt-BR\"},{\"@type\":\"Organization\",\"@id\":\"https:\/\/sitecgdw.com.br\/vrvidracaria\/#organization\",\"name\":\"VR Rocha\",\"url\":\"https:\/\/sitecgdw.com.br\/vrvidracaria\/\",\"logo\":{\"@type\":\"ImageObject\",\"inLanguage\":\"pt-BR\",\"@id\":\"https:\/\/sitecgdw.com.br\/vrvidracaria\/#\/schema\/logo\/image\/\",\"url\":\"https:\/\/sitecgdw.com.br\/vrvidracaria\/wp-content\/uploads\/2022\/05\/logo-rocha-vidracaria.png\",\"contentUrl\":\"https:\/\/sitecgdw.com.br\/vrvidracaria\/wp-content\/uploads\/2022\/05\/logo-rocha-vidracaria.png\",\"width\":692,\"height\":296,\"caption\":\"VR Rocha\"},\"image\":{\"@id\":\"https:\/\/sitecgdw.com.br\/vrvidracaria\/#\/schema\/logo\/image\/\"}}]}<\/script>\n<!-- \/ Yoast SEO plugin. -->","yoast_head_json":{"title":"Quem somos - VR Rocha","robots":{"index":"index","follow":"follow","max-snippet":"max-snippet:-1","max-image-preview":"max-image-preview:large","max-video-preview":"max-video-preview:-1"},"canonical":"https:\/\/sitecgdw.com.br\/vrvidracaria\/quem-somos-esquadrias-de-aluminio-curitiba\/","og_locale":"pt_BR","og_type":"article","og_title":"Quem somos - VR Rocha","og_description":"Vidra\u00e7aria Rocha Nosso Grupo Rocha iniciou as atividades em 2003 atendendo arquitetos, engenheiros, grandes empresas e construtoras do ramo de vidra\u00e7aria. Desde o come\u00e7o, compartilhamos nossas conquistas em conjunto, atendendo clientes que queriam projetos \u00fanicos e especiais. &nbsp; Com anseio no crescimento, em 2009 conseguimos ampliar nossa empresa para realizar a fabrica\u00e7\u00e3o e instala\u00e7\u00e3o esquadrias [&hellip;]","og_url":"https:\/\/sitecgdw.com.br\/vrvidracaria\/quem-somos-esquadrias-de-aluminio-curitiba\/","og_site_name":"VR Rocha","article_modified_time":"2022-12-12T11:23:24+00:00","og_image":[{"url":"https:\/\/sitecgdw.com.br\/vrvidracaria\/wp-content\/uploads\/2022\/11\/v-r-brnaco.png"}],"twitter_card":"summary_large_image","twitter_misc":{"Est. tempo de leitura":"1 minuto"},"schema":{"@context":"https:\/\/schema.org","@graph":[{"@type":"WebPage","@id":"https:\/\/sitecgdw.com.br\/vrvidracaria\/quem-somos-esquadrias-de-aluminio-curitiba\/","url":"https:\/\/sitecgdw.com.br\/vrvidracaria\/quem-somos-esquadrias-de-aluminio-curitiba\/","name":"Quem somos - VR Rocha","isPartOf":{"@id":"https:\/\/sitecgdw.com.br\/vrvidracaria\/#website"},"datePublished":"2022-05-12T12:57:46+00:00","dateModified":"2022-12-12T11:23:24+00:00","breadcrumb":{"@id":"https:\/\/sitecgdw.com.br\/vrvidracaria\/quem-somos-esquadrias-de-aluminio-curitiba\/#breadcrumb"},"inLanguage":"pt-BR","potentialAction":[{"@type":"ReadAction","target":["https:\/\/sitecgdw.com.br\/vrvidracaria\/quem-somos-esquadrias-de-aluminio-curitiba\/"]}]},{"@type":"BreadcrumbList","@id":"https:\/\/sitecgdw.com.br\/vrvidracaria\/quem-somos-esquadrias-de-aluminio-curitiba\/#breadcrumb","itemListElement":[{"@type":"ListItem","position":1,"name":"In\u00edcio","item":"https:\/\/sitecgdw.com.br\/vrvidracaria\/"},{"@type":"ListItem","position":2,"name":"Quem somos"}]},{"@type":"WebSite","@id":"https:\/\/sitecgdw.com.br\/vrvidracaria\/#website","url":"https:\/\/sitecgdw.com.br\/vrvidracaria\/","name":"VR Rocha","description":"Vidra\u00e7aria e esquadrias de alum\u00ednio e PVC","publisher":{"@id":"https:\/\/sitecgdw.com.br\/vrvidracaria\/#organization"},"potentialAction":[{"@type":"SearchAction","target":{"@type":"EntryPoint","urlTemplate":"https:\/\/sitecgdw.com.br\/vrvidracaria\/?s={search_term_string}"},"query-input":"required name=search_term_string"}],"inLanguage":"pt-BR"},{"@type":"Organization","@id":"https:\/\/sitecgdw.com.br\/vrvidracaria\/#organization","name":"VR Rocha","url":"https:\/\/sitecgdw.com.br\/vrvidracaria\/","logo":{"@type":"ImageObject","inLanguage":"pt-BR","@id":"https:\/\/sitecgdw.com.br\/vrvidracaria\/#\/schema\/logo\/image\/","url":"https:\/\/sitecgdw.com.br\/vrvidracaria\/wp-content\/uploads\/2022\/05\/logo-rocha-vidracaria.png","contentUrl":"https:\/\/sitecgdw.com.br\/vrvidracaria\/wp-content\/uploads\/2022\/05\/logo-rocha-vidracaria.png","width":692,"height":296,"caption":"VR Rocha"},"image":{"@id":"https:\/\/sitecgdw.com.br\/vrvidracaria\/#\/schema\/logo\/image\/"}}]}},"_links":{"self":[{"href":"https:\/\/sitecgdw.com.br\/vrvidracaria\/wp-json\/wp\/v2\/pages\/71","targetHints":{"allow":["GET"]}}],"collection":[{"href":"https:\/\/sitecgdw.com.br\/vrvidracaria\/wp-json\/wp\/v2\/pages"}],"about":[{"href":"https:\/\/sitecgdw.com.br\/vrvidracaria\/wp-json\/wp\/v2\/types\/page"}],"author":[{"embeddable":true,"href":"https:\/\/sitecgdw.com.br\/vrvidracaria\/wp-json\/wp\/v2\/users\/1"}],"replies":[{"embeddable":true,"href":"https:\/\/sitecgdw.com.br\/vrvidracaria\/wp-json\/wp\/v2\/comments?post=71"}],"version-history":[{"count":47,"href":"https:\/\/sitecgdw.com.br\/vrvidracaria\/wp-json\/wp\/v2\/pages\/71\/revisions"}],"predecessor-version":[{"id":780,"href":"https:\/\/sitecgdw.com.br\/vrvidracaria\/wp-json\/wp\/v2\/pages\/71\/revisions\/780"}],"wp:attachment":[{"href":"https:\/\/sitecgdw.com.br\/vrvidracaria\/wp-json\/wp\/v2\/media?parent=71"}],"curies":[{"name":"wp","href":"https:\/\/api.w.org\/{rel}","templated":true}]}}