{"id":65,"date":"2022-05-12T09:51:38","date_gmt":"2022-05-12T12:51:38","guid":{"rendered":"https:\/\/sitecgdw.com.br\/vrvidracaria\/?page_id=65"},"modified":"2022-12-12T08:21:56","modified_gmt":"2022-12-12T11:21:56","slug":"contato-esquadrias-de-aluminio-curitiba","status":"publish","type":"page","link":"https:\/\/sitecgdw.com.br\/vrvidracaria\/contato-esquadrias-de-aluminio-curitiba\/","title":{"rendered":"Contato"},"content":{"rendered":"\t\t<div data-elementor-type=\"wp-page\" data-elementor-id=\"65\" class=\"elementor elementor-65\" data-elementor-post-type=\"page\">\n\t\t\t\t\t\t<section class=\"elementor-section elementor-top-section elementor-element elementor-element-5adcdc83 elementor-section-boxed elementor-section-height-default elementor-section-height-default\" data-id=\"5adcdc83\" data-element_type=\"section\" data-e-type=\"section\">\n\t\t\t\t\t\t<div class=\"elementor-container elementor-column-gap-default\">\n\t\t\t\t\t<div class=\"elementor-column elementor-col-50 elementor-top-column elementor-element elementor-element-3584e5ce\" data-id=\"3584e5ce\" data-element_type=\"column\" data-e-type=\"column\">\n\t\t\t<div class=\"elementor-widget-wrap elementor-element-populated\">\n\t\t\t\t\t\t<div class=\"elementor-element elementor-element-30d833b6 elementor-widget elementor-widget-heading\" data-id=\"30d833b6\" data-element_type=\"widget\" data-e-type=\"widget\" data-widget_type=\"heading.default\">\n\t\t\t\t<div class=\"elementor-widget-container\">\n\t\t\t\t\t<h2 class=\"elementor-heading-title elementor-size-default\">Ficou com alguma d\u00favida?<\/h2>\t\t\t\t<\/div>\n\t\t\t\t<\/div>\n\t\t\t\t<div class=\"elementor-element elementor-element-451db716 elementor-widget elementor-widget-text-editor\" data-id=\"451db716\" data-element_type=\"widget\" data-e-type=\"widget\" data-widget_type=\"text-editor.default\">\n\t\t\t\t<div class=\"elementor-widget-container\">\n\t\t\t\t\t\t\t\t\t<p>Preencha o formul\u00e1rio,\u00a0 envie um e-mail ou chame no WhatsApp. Voc\u00ea ser\u00e1 atendido em breve.<\/p><p><strong>Segunda a quinta<\/strong> 08:00 as 12:00<br \/>13:00 as 18:00<br \/><strong>Sexta<\/strong> 08:00 as 12:00<br \/>13:00 as 17:00<br \/><strong>S\u00e1bado fechado<\/strong><\/p>\t\t\t\t\t\t\t\t<\/div>\n\t\t\t\t<\/div>\n\t\t\t\t<div class=\"elementor-element elementor-element-3b8b690f elementor-icon-list--layout-traditional elementor-list-item-link-full_width elementor-widget elementor-widget-icon-list\" data-id=\"3b8b690f\" data-element_type=\"widget\" data-e-type=\"widget\" data-widget_type=\"icon-list.default\">\n\t\t\t\t<div class=\"elementor-widget-container\">\n\t\t\t\t\t\t\t<ul class=\"elementor-icon-list-items\">\n\t\t\t\t\t\t\t<li class=\"elementor-icon-list-item\">\n\t\t\t\t\t\t\t\t\t\t\t<span class=\"elementor-icon-list-icon\">\n\t\t\t\t\t\t\t<i aria-hidden=\"true\" class=\"fas fa-phone-alt\"><\/i>\t\t\t\t\t\t<\/span>\n\t\t\t\t\t\t\t\t\t\t<span class=\"elementor-icon-list-text\">(41) 3262-3748<\/span>\n\t\t\t\t\t\t\t\t\t<\/li>\n\t\t\t\t\t\t\t\t<li class=\"elementor-icon-list-item\">\n\t\t\t\t\t\t\t\t\t\t\t<span class=\"elementor-icon-list-icon\">\n\t\t\t\t\t\t\t<i aria-hidden=\"true\" class=\"fab fa-whatsapp\"><\/i>\t\t\t\t\t\t<\/span>\n\t\t\t\t\t\t\t\t\t\t<span class=\"elementor-icon-list-text\">(41) 9 9944-7402<\/span>\n\t\t\t\t\t\t\t\t\t<\/li>\n\t\t\t\t\t\t\t\t<li class=\"elementor-icon-list-item\">\n\t\t\t\t\t\t\t\t\t\t\t<span class=\"elementor-icon-list-icon\">\n\t\t\t\t\t\t\t<i aria-hidden=\"true\" class=\"fas fa-envelope\"><\/i>\t\t\t\t\t\t<\/span>\n\t\t\t\t\t\t\t\t\t\t<span class=\"elementor-icon-list-text\">faleconosco@vrrocha.com.br<\/span>\n\t\t\t\t\t\t\t\t\t<\/li>\n\t\t\t\t\t\t\t\t<li class=\"elementor-icon-list-item\">\n\t\t\t\t\t\t\t\t\t\t\t<span class=\"elementor-icon-list-icon\">\n\t\t\t\t\t\t\t<i aria-hidden=\"true\" class=\"fas fa-map-marker-alt\"><\/i>\t\t\t\t\t\t<\/span>\n\t\t\t\t\t\t\t\t\t\t<span class=\"elementor-icon-list-text\">Rua Alameda Nossa Senhora do Sagrado Cora\u00e7\u00e3o 485 Pinheirinho CEP:81.870-010<\/span>\n\t\t\t\t\t\t\t\t\t<\/li>\n\t\t\t\t\t\t<\/ul>\n\t\t\t\t\t\t<\/div>\n\t\t\t\t<\/div>\n\t\t\t\t\t<\/div>\n\t\t<\/div>\n\t\t\t\t<div class=\"elementor-column elementor-col-50 elementor-top-column elementor-element elementor-element-674bb076\" data-id=\"674bb076\" data-element_type=\"column\" data-e-type=\"column\">\n\t\t\t<div class=\"elementor-widget-wrap elementor-element-populated\">\n\t\t\t\t\t\t<div class=\"elementor-element elementor-element-dec6d4c elementor-button-align-stretch elementor-widget elementor-widget-form\" data-id=\"dec6d4c\" data-element_type=\"widget\" data-e-type=\"widget\" data-settings=\"{&quot;step_next_label&quot;:&quot;Pr\\u00f3ximo&quot;,&quot;step_previous_label&quot;:&quot;Anterior&quot;,&quot;button_width&quot;:&quot;100&quot;,&quot;step_type&quot;:&quot;number_text&quot;,&quot;step_icon_shape&quot;:&quot;circle&quot;}\" data-widget_type=\"form.default\">\n\t\t\t\t<div class=\"elementor-widget-container\">\n\t\t\t\t\t\t\t<form class=\"elementor-form\" method=\"post\" name=\"Formul\u00e1rio de Contato\" aria-label=\"Formul\u00e1rio de Contato\">\n\t\t\t<input type=\"hidden\" name=\"post_id\" value=\"65\"\/>\n\t\t\t<input type=\"hidden\" name=\"form_id\" value=\"dec6d4c\"\/>\n\t\t\t<input type=\"hidden\" name=\"referer_title\" value=\"Contato - VR Rocha\" \/>\n\n\t\t\t\t\t\t\t<input type=\"hidden\" name=\"queried_id\" value=\"65\"\/>\n\t\t\t\n\t\t\t<div class=\"elementor-form-fields-wrapper elementor-labels-above\">\n\t\t\t\t\t\t\t\t<div class=\"elementor-field-type-text elementor-field-group elementor-column elementor-field-group-name elementor-col-100 elementor-field-required elementor-mark-required\">\n\t\t\t\t\t\t\t\t\t\t\t\t<label for=\"form-field-name\" class=\"elementor-field-label\">\n\t\t\t\t\t\t\t\tNome\t\t\t\t\t\t\t<\/label>\n\t\t\t\t\t\t\t\t\t\t\t\t\t\t<input size=\"1\" type=\"text\" name=\"form_fields[name]\" id=\"form-field-name\" class=\"elementor-field elementor-size-md  elementor-field-textual\" placeholder=\"Escreva seu nome\" required=\"required\">\n\t\t\t\t\t\t\t\t\t\t\t<\/div>\n\t\t\t\t\t\t\t\t<div class=\"elementor-field-type-email elementor-field-group elementor-column elementor-field-group-email elementor-col-50 elementor-field-required elementor-mark-required\">\n\t\t\t\t\t\t\t\t\t\t\t\t<label for=\"form-field-email\" class=\"elementor-field-label\">\n\t\t\t\t\t\t\t\tE-mail\t\t\t\t\t\t\t<\/label>\n\t\t\t\t\t\t\t\t\t\t\t\t\t\t<input size=\"1\" type=\"email\" name=\"form_fields[email]\" id=\"form-field-email\" class=\"elementor-field elementor-size-md  elementor-field-textual\" placeholder=\"seuemail@\" required=\"required\">\n\t\t\t\t\t\t\t\t\t\t\t<\/div>\n\t\t\t\t\t\t\t\t<div class=\"elementor-field-type-tel elementor-field-group elementor-column elementor-field-group-field_f2d204a elementor-col-50 elementor-field-required elementor-mark-required\">\n\t\t\t\t\t\t\t\t\t\t\t\t<label for=\"form-field-field_f2d204a\" class=\"elementor-field-label\">\n\t\t\t\t\t\t\t\tTelefone\t\t\t\t\t\t\t<\/label>\n\t\t\t\t\t\t\t\t<input size=\"1\" type=\"tel\" name=\"form_fields[field_f2d204a]\" id=\"form-field-field_f2d204a\" class=\"elementor-field elementor-size-md  elementor-field-textual\" placeholder=\"(__) _ ____-____\" required=\"required\" pattern=\"[0-9()#&amp;+*-=.]+\" title=\"Apenas n\u00fameros e caracteres de telefone (#, -, *, etc.) s\u00e3o aceitos.\">\n\n\t\t\t\t\t\t<\/div>\n\t\t\t\t\t\t\t\t<div class=\"elementor-field-type-textarea elementor-field-group elementor-column elementor-field-group-message elementor-col-100 elementor-field-required elementor-mark-required\">\n\t\t\t\t\t\t\t\t\t\t\t\t<label for=\"form-field-message\" class=\"elementor-field-label\">\n\t\t\t\t\t\t\t\tMensagem\t\t\t\t\t\t\t<\/label>\n\t\t\t\t\t\t<textarea class=\"elementor-field-textual elementor-field  elementor-size-md\" name=\"form_fields[message]\" id=\"form-field-message\" rows=\"4\" placeholder=\"Escreva aqui sua mensagem :)\" required=\"required\"><\/textarea>\t\t\t\t<\/div>\n\t\t\t\t\t\t\t\t<div class=\"elementor-field-type-acceptance elementor-field-group elementor-column elementor-field-group-termos elementor-col-100 elementor-field-required elementor-mark-required\">\n\t\t\t\t\t\t\t<div class=\"elementor-field-subgroup\">\n\t\t\t<span class=\"elementor-field-option\">\n\t\t\t\t<input type=\"checkbox\" name=\"form_fields[termos]\" id=\"form-field-termos\" class=\"elementor-field elementor-size-md  elementor-acceptance-field\" required=\"required\" checked=\"checked\">\n\t\t\t\t<label for=\"form-field-termos\">Declaro que li os termos da Pol\u00edtica de Privacidade.<\/label>\t\t\t<\/span>\n\t\t<\/div>\n\t\t\t\t\t\t<\/div>\n\t\t\t\t\t\t\t\t<div class=\"elementor-field-type-recaptcha elementor-field-group elementor-column elementor-field-group-field_0f9d823 elementor-col-100\">\n\t\t\t\t\t<div class=\"elementor-field\" id=\"form-field-field_0f9d823\"><\/div>\t\t\t\t<\/div>\n\t\t\t\t\t\t\t\t<div class=\"elementor-field-group elementor-column elementor-field-type-submit elementor-col-100 e-form__buttons\">\n\t\t\t\t\t<button class=\"elementor-button elementor-size-sm elementor-animation-sink\" type=\"submit\">\n\t\t\t\t\t\t<span class=\"elementor-button-content-wrapper\">\n\t\t\t\t\t\t\t\t\t\t\t\t\t\t\t\t\t\t\t\t\t\t<span class=\"elementor-button-text\">Enviar mensagem<\/span>\n\t\t\t\t\t\t\t\t\t\t\t\t\t<\/span>\n\t\t\t\t\t<\/button>\n\t\t\t\t<\/div>\n\t\t\t<\/div>\n\t\t<\/form>\n\t\t\t\t\t\t<\/div>\n\t\t\t\t<\/div>\n\t\t\t\t\t<\/div>\n\t\t<\/div>\n\t\t\t\t\t<\/div>\n\t\t<\/section>\n\t\t\t\t<\/div>\n\t\t","protected":false},"excerpt":{"rendered":"<p>Ficou com alguma d\u00favida? Preencha o formul\u00e1rio,\u00a0 envie um e-mail ou chame no WhatsApp. Voc\u00ea ser\u00e1 atendido em breve. Segunda a quinta 08:00 as 12:0013:00 as 18:00Sexta 08:00 as 12:0013:00 as 17:00S\u00e1bado fechado (41) 3262-3748 (41) 9 9944-7402 faleconosco@vrrocha.com.br Rua Alameda Nossa Senhora do Sagrado Cora\u00e7\u00e3o 485 Pinheirinho CEP:81.870-010<\/p>\n","protected":false},"author":1,"featured_media":0,"parent":0,"menu_order":0,"comment_status":"closed","ping_status":"closed","template":"elementor_header_footer","meta":{"_acf_changed":false,"inline_featured_image":false,"footnotes":""},"class_list":["post-65","page","type-page","status-publish","hentry"],"acf":[],"yoast_head":"<!-- This site is optimized with the Yoast SEO plugin v19.14 - https:\/\/yoast.com\/wordpress\/plugins\/seo\/ -->\n<title>Contato - VR Rocha<\/title>\n<meta name=\"robots\" content=\"index, follow, max-snippet:-1, max-image-preview:large, max-video-preview:-1\" \/>\n<link rel=\"canonical\" href=\"https:\/\/sitecgdw.com.br\/vrvidracaria\/contato-esquadrias-de-aluminio-curitiba\/\" \/>\n<meta property=\"og:locale\" content=\"pt_BR\" \/>\n<meta property=\"og:type\" content=\"article\" \/>\n<meta property=\"og:title\" content=\"Contato - VR Rocha\" \/>\n<meta property=\"og:description\" content=\"Ficou com alguma d\u00favida? Preencha o formul\u00e1rio,\u00a0 envie um e-mail ou chame no WhatsApp. Voc\u00ea ser\u00e1 atendido em breve. Segunda a quinta 08:00 as 12:0013:00 as 18:00Sexta 08:00 as 12:0013:00 as 17:00S\u00e1bado fechado (41) 3262-3748 (41) 9 9944-7402 faleconosco@vrrocha.com.br Rua Alameda Nossa Senhora do Sagrado Cora\u00e7\u00e3o 485 Pinheirinho CEP:81.870-010\" \/>\n<meta property=\"og:url\" content=\"https:\/\/sitecgdw.com.br\/vrvidracaria\/contato-esquadrias-de-aluminio-curitiba\/\" \/>\n<meta property=\"og:site_name\" content=\"VR Rocha\" \/>\n<meta property=\"article:modified_time\" content=\"2022-12-12T11:21:56+00:00\" \/>\n<meta name=\"twitter:card\" content=\"summary_large_image\" \/>\n<script type=\"application\/ld+json\" class=\"yoast-schema-graph\">{\"@context\":\"https:\/\/schema.org\",\"@graph\":[{\"@type\":\"WebPage\",\"@id\":\"https:\/\/sitecgdw.com.br\/vrvidracaria\/contato-esquadrias-de-aluminio-curitiba\/\",\"url\":\"https:\/\/sitecgdw.com.br\/vrvidracaria\/contato-esquadrias-de-aluminio-curitiba\/\",\"name\":\"Contato - VR Rocha\",\"isPartOf\":{\"@id\":\"https:\/\/sitecgdw.com.br\/vrvidracaria\/#website\"},\"datePublished\":\"2022-05-12T12:51:38+00:00\",\"dateModified\":\"2022-12-12T11:21:56+00:00\",\"breadcrumb\":{\"@id\":\"https:\/\/sitecgdw.com.br\/vrvidracaria\/contato-esquadrias-de-aluminio-curitiba\/#breadcrumb\"},\"inLanguage\":\"pt-BR\",\"potentialAction\":[{\"@type\":\"ReadAction\",\"target\":[\"https:\/\/sitecgdw.com.br\/vrvidracaria\/contato-esquadrias-de-aluminio-curitiba\/\"]}]},{\"@type\":\"BreadcrumbList\",\"@id\":\"https:\/\/sitecgdw.com.br\/vrvidracaria\/contato-esquadrias-de-aluminio-curitiba\/#breadcrumb\",\"itemListElement\":[{\"@type\":\"ListItem\",\"position\":1,\"name\":\"In\u00edcio\",\"item\":\"https:\/\/sitecgdw.com.br\/vrvidracaria\/\"},{\"@type\":\"ListItem\",\"position\":2,\"name\":\"Contato\"}]},{\"@type\":\"WebSite\",\"@id\":\"https:\/\/sitecgdw.com.br\/vrvidracaria\/#website\",\"url\":\"https:\/\/sitecgdw.com.br\/vrvidracaria\/\",\"name\":\"VR Rocha\",\"description\":\"Vidra\u00e7aria e esquadrias de alum\u00ednio e PVC\",\"publisher\":{\"@id\":\"https:\/\/sitecgdw.com.br\/vrvidracaria\/#organization\"},\"potentialAction\":[{\"@type\":\"SearchAction\",\"target\":{\"@type\":\"EntryPoint\",\"urlTemplate\":\"https:\/\/sitecgdw.com.br\/vrvidracaria\/?s={search_term_string}\"},\"query-input\":\"required name=search_term_string\"}],\"inLanguage\":\"pt-BR\"},{\"@type\":\"Organization\",\"@id\":\"https:\/\/sitecgdw.com.br\/vrvidracaria\/#organization\",\"name\":\"VR Rocha\",\"url\":\"https:\/\/sitecgdw.com.br\/vrvidracaria\/\",\"logo\":{\"@type\":\"ImageObject\",\"inLanguage\":\"pt-BR\",\"@id\":\"https:\/\/sitecgdw.com.br\/vrvidracaria\/#\/schema\/logo\/image\/\",\"url\":\"https:\/\/sitecgdw.com.br\/vrvidracaria\/wp-content\/uploads\/2022\/05\/logo-rocha-vidracaria.png\",\"contentUrl\":\"https:\/\/sitecgdw.com.br\/vrvidracaria\/wp-content\/uploads\/2022\/05\/logo-rocha-vidracaria.png\",\"width\":692,\"height\":296,\"caption\":\"VR Rocha\"},\"image\":{\"@id\":\"https:\/\/sitecgdw.com.br\/vrvidracaria\/#\/schema\/logo\/image\/\"}}]}<\/script>\n<!-- \/ Yoast SEO plugin. -->","yoast_head_json":{"title":"Contato - VR Rocha","robots":{"index":"index","follow":"follow","max-snippet":"max-snippet:-1","max-image-preview":"max-image-preview:large","max-video-preview":"max-video-preview:-1"},"canonical":"https:\/\/sitecgdw.com.br\/vrvidracaria\/contato-esquadrias-de-aluminio-curitiba\/","og_locale":"pt_BR","og_type":"article","og_title":"Contato - VR Rocha","og_description":"Ficou com alguma d\u00favida? Preencha o formul\u00e1rio,\u00a0 envie um e-mail ou chame no WhatsApp. Voc\u00ea ser\u00e1 atendido em breve. Segunda a quinta 08:00 as 12:0013:00 as 18:00Sexta 08:00 as 12:0013:00 as 17:00S\u00e1bado fechado (41) 3262-3748 (41) 9 9944-7402 faleconosco@vrrocha.com.br Rua Alameda Nossa Senhora do Sagrado Cora\u00e7\u00e3o 485 Pinheirinho CEP:81.870-010","og_url":"https:\/\/sitecgdw.com.br\/vrvidracaria\/contato-esquadrias-de-aluminio-curitiba\/","og_site_name":"VR Rocha","article_modified_time":"2022-12-12T11:21:56+00:00","twitter_card":"summary_large_image","schema":{"@context":"https:\/\/schema.org","@graph":[{"@type":"WebPage","@id":"https:\/\/sitecgdw.com.br\/vrvidracaria\/contato-esquadrias-de-aluminio-curitiba\/","url":"https:\/\/sitecgdw.com.br\/vrvidracaria\/contato-esquadrias-de-aluminio-curitiba\/","name":"Contato - VR Rocha","isPartOf":{"@id":"https:\/\/sitecgdw.com.br\/vrvidracaria\/#website"},"datePublished":"2022-05-12T12:51:38+00:00","dateModified":"2022-12-12T11:21:56+00:00","breadcrumb":{"@id":"https:\/\/sitecgdw.com.br\/vrvidracaria\/contato-esquadrias-de-aluminio-curitiba\/#breadcrumb"},"inLanguage":"pt-BR","potentialAction":[{"@type":"ReadAction","target":["https:\/\/sitecgdw.com.br\/vrvidracaria\/contato-esquadrias-de-aluminio-curitiba\/"]}]},{"@type":"BreadcrumbList","@id":"https:\/\/sitecgdw.com.br\/vrvidracaria\/contato-esquadrias-de-aluminio-curitiba\/#breadcrumb","itemListElement":[{"@type":"ListItem","position":1,"name":"In\u00edcio","item":"https:\/\/sitecgdw.com.br\/vrvidracaria\/"},{"@type":"ListItem","position":2,"name":"Contato"}]},{"@type":"WebSite","@id":"https:\/\/sitecgdw.com.br\/vrvidracaria\/#website","url":"https:\/\/sitecgdw.com.br\/vrvidracaria\/","name":"VR Rocha","description":"Vidra\u00e7aria e esquadrias de alum\u00ednio e PVC","publisher":{"@id":"https:\/\/sitecgdw.com.br\/vrvidracaria\/#organization"},"potentialAction":[{"@type":"SearchAction","target":{"@type":"EntryPoint","urlTemplate":"https:\/\/sitecgdw.com.br\/vrvidracaria\/?s={search_term_string}"},"query-input":"required name=search_term_string"}],"inLanguage":"pt-BR"},{"@type":"Organization","@id":"https:\/\/sitecgdw.com.br\/vrvidracaria\/#organization","name":"VR Rocha","url":"https:\/\/sitecgdw.com.br\/vrvidracaria\/","logo":{"@type":"ImageObject","inLanguage":"pt-BR","@id":"https:\/\/sitecgdw.com.br\/vrvidracaria\/#\/schema\/logo\/image\/","url":"https:\/\/sitecgdw.com.br\/vrvidracaria\/wp-content\/uploads\/2022\/05\/logo-rocha-vidracaria.png","contentUrl":"https:\/\/sitecgdw.com.br\/vrvidracaria\/wp-content\/uploads\/2022\/05\/logo-rocha-vidracaria.png","width":692,"height":296,"caption":"VR Rocha"},"image":{"@id":"https:\/\/sitecgdw.com.br\/vrvidracaria\/#\/schema\/logo\/image\/"}}]}},"_links":{"self":[{"href":"https:\/\/sitecgdw.com.br\/vrvidracaria\/wp-json\/wp\/v2\/pages\/65","targetHints":{"allow":["GET"]}}],"collection":[{"href":"https:\/\/sitecgdw.com.br\/vrvidracaria\/wp-json\/wp\/v2\/pages"}],"about":[{"href":"https:\/\/sitecgdw.com.br\/vrvidracaria\/wp-json\/wp\/v2\/types\/page"}],"author":[{"embeddable":true,"href":"https:\/\/sitecgdw.com.br\/vrvidracaria\/wp-json\/wp\/v2\/users\/1"}],"replies":[{"embeddable":true,"href":"https:\/\/sitecgdw.com.br\/vrvidracaria\/wp-json\/wp\/v2\/comments?post=65"}],"version-history":[{"count":61,"href":"https:\/\/sitecgdw.com.br\/vrvidracaria\/wp-json\/wp\/v2\/pages\/65\/revisions"}],"predecessor-version":[{"id":593,"href":"https:\/\/sitecgdw.com.br\/vrvidracaria\/wp-json\/wp\/v2\/pages\/65\/revisions\/593"}],"wp:attachment":[{"href":"https:\/\/sitecgdw.com.br\/vrvidracaria\/wp-json\/wp\/v2\/media?parent=65"}],"curies":[{"name":"wp","href":"https:\/\/api.w.org\/{rel}","templated":true}]}}