{"id":513,"date":"2021-10-01T17:37:04","date_gmt":"2021-10-01T20:37:04","guid":{"rendered":"https:\/\/sitecgdw.com.br\/renovi\/?page_id=513"},"modified":"2022-03-10T10:09:16","modified_gmt":"2022-03-10T13:09:16","slug":"cookies","status":"publish","type":"page","link":"https:\/\/sitecgdw.com.br\/renovi\/cookies\/","title":{"rendered":"Cookies"},"content":{"rendered":"\t\t<div data-elementor-type=\"wp-page\" data-elementor-id=\"513\" class=\"elementor elementor-513\" data-elementor-settings=\"[]\">\n\t\t\t\t\t\t\t<div class=\"elementor-section-wrap\">\n\t\t\t\t\t\t\t<section class=\"elementor-section elementor-top-section elementor-element elementor-element-39bb10d elementor-section-boxed elementor-section-height-default elementor-section-height-default\" data-id=\"39bb10d\" data-element_type=\"section\">\n\t\t\t\t\t\t<div class=\"elementor-container elementor-column-gap-default\">\n\t\t\t\t\t<div class=\"elementor-column elementor-col-100 elementor-top-column elementor-element elementor-element-e345e05\" data-id=\"e345e05\" data-element_type=\"column\">\n\t\t\t<div class=\"elementor-widget-wrap elementor-element-populated\">\n\t\t\t\t\t\t\t\t<div class=\"elementor-element elementor-element-a8baa0e elementor-widget elementor-widget-heading\" data-id=\"a8baa0e\" data-element_type=\"widget\" data-widget_type=\"heading.default\">\n\t\t\t\t<div class=\"elementor-widget-container\">\n\t\t\t<h2 class=\"elementor-heading-title elementor-size-default\">Cookies<\/h2>\t\t<\/div>\n\t\t\t\t<\/div>\n\t\t\t\t<div class=\"elementor-element elementor-element-cd41250 elementor-widget elementor-widget-text-editor\" data-id=\"cd41250\" data-element_type=\"widget\" data-widget_type=\"text-editor.default\">\n\t\t\t\t<div class=\"elementor-widget-container\">\n\t\t\t\t\t\t\t<p>Neste site, utilizamos os cookies necess\u00e1rios para fazer o seu correto funcionamento.<\/p><p>\u00a0<\/p><p>Os cookies s\u00e3o desde os PHP, em especial PHPSESSID, que \u00e9 o identificador \u00fanico de sess\u00e3o e n\u00e3o coleta dados, at\u00e9 os fornecidos por terceiros como o <em>Google Analytics<\/em> (ferramenta de terceiro e com padr\u00f5es pr\u00f3prios).<\/p><p>\u00a0<\/p><p>Tamb\u00e9m podemos vir a utilizar cookies adicionais para analisar o tr\u00e1fego em nosso site e os padr\u00f5es de acesso dos nossos usu\u00e1rios, que nos ajudam a melhorar a experi\u00eancia e o aproveitamento do site.<\/p><p>\u00a0<\/p><p>Al\u00e9m disso, outros mecanismos como ferramentas de busca (exemplo, Google, Bing e similares) e redes sociais (exemplo, Facebook, Instagram ou similares) podem fornecer ferramentas no estilo de plug-ins, que se conectam ao site para gerar informa\u00e7\u00f5es atrav\u00e9s de cookies e exibir an\u00fancios relacionados.<\/p><p>\u00a0<\/p><p>O fato do usu\u00e1rio ser impactado por an\u00fancios referentes aos mesmos produtos ou servi\u00e7os, n\u00e3o significa que foi identificado por visitar um website. Na maioria das vezes, essas informa\u00e7\u00f5es s\u00e3o coletadas de forma an\u00f4nima, com base no perfil de navega\u00e7\u00e3o, sem que sua identidade seja revelada.<\/p><p>\u00a0<\/p><p>Destacamos que voc\u00ea, usu\u00e1rio, pode desabilitar esses cookies diretamente nas configura\u00e7\u00f5es de seu navegador, mas isso pode afetar a sua experi\u00eancia em nosso site.<\/p><p>\u00a0<\/p><p>Maiores informa\u00e7\u00f5es sobre os cookies est\u00e3o dispon\u00edveis em nossa <strong><a href=\"https:\/\/sitecgdw.com.br\/renovi\/politica-de-privacidade\/\" target=\"_blank\" rel=\"noopener\">Pol\u00edtica de Privacidade.<\/a><\/strong><\/p>\t\t\t\t\t\t<\/div>\n\t\t\t\t<\/div>\n\t\t\t\t\t<\/div>\n\t\t<\/div>\n\t\t\t\t\t\t\t<\/div>\n\t\t<\/section>\n\t\t\t\t\t\t<\/div>\n\t\t\t\t\t<\/div>\n\t\t","protected":false},"excerpt":{"rendered":"<p>Cookies Neste site, utilizamos os cookies necess\u00e1rios para fazer o seu correto funcionamento. Os cookies s\u00e3o desde os PHP, em especial PHPSESSID, que \u00e9 o identificador \u00fanico de sess\u00e3o e n\u00e3o coleta dados, at\u00e9 os fornecidos por terceiros como o Google Analytics (ferramenta de terceiro e com padr\u00f5es pr\u00f3prios). Tamb\u00e9m podemos vir a utilizar cookies&hellip; <a class=\"more-link\" href=\"https:\/\/sitecgdw.com.br\/renovi\/cookies\/\">Continuar lendo <span class=\"screen-reader-text\">Cookies<\/span><\/a><\/p>\n","protected":false},"author":1,"featured_media":0,"parent":0,"menu_order":0,"comment_status":"closed","ping_status":"closed","template":"elementor_header_footer","meta":{"footnotes":""},"class_list":["post-513","page","type-page","status-publish","hentry","entry"],"yoast_head":"<!-- This site is optimized with the Yoast SEO plugin v18.1 - https:\/\/yoast.com\/wordpress\/plugins\/seo\/ -->\n<title>Reformas em Curitiba | Renovi Arquitetura<\/title>\n<meta name=\"description\" content=\"Projetos de reformas em Curitiba com qualidade e responsabilidade civil. Reformas comerciais e residenciais, gerenciamento e execu\u00e7\u00e3o de obras | Renovi\" \/>\n<meta name=\"robots\" content=\"index, follow, max-snippet:-1, max-image-preview:large, max-video-preview:-1\" \/>\n<link rel=\"canonical\" href=\"https:\/\/sitecgdw.com.br\/renovi\/cookies\/\" \/>\n<meta property=\"og:locale\" content=\"pt_BR\" \/>\n<meta property=\"og:type\" content=\"article\" \/>\n<meta property=\"og:title\" content=\"Reformas em Curitiba | Renovi Arquitetura\" \/>\n<meta property=\"og:description\" content=\"Projetos de reformas em Curitiba com qualidade e responsabilidade civil. Reformas comerciais e residenciais, gerenciamento e execu\u00e7\u00e3o de obras | Renovi\" \/>\n<meta property=\"og:url\" content=\"https:\/\/sitecgdw.com.br\/renovi\/cookies\/\" \/>\n<meta property=\"og:site_name\" content=\"Reformas em Curitiba | Renovi Arquitetura\" \/>\n<meta property=\"article:modified_time\" content=\"2022-03-10T13:09:16+00:00\" \/>\n<meta name=\"twitter:card\" content=\"summary_large_image\" \/>\n<meta name=\"twitter:label1\" content=\"Est. tempo de leitura\" \/>\n\t<meta name=\"twitter:data1\" content=\"2 minutos\" \/>\n<script type=\"application\/ld+json\" class=\"yoast-schema-graph\">{\"@context\":\"https:\/\/schema.org\",\"@graph\":[{\"@type\":\"WebSite\",\"@id\":\"https:\/\/sitecgdw.com.br\/renovi\/#website\",\"url\":\"https:\/\/sitecgdw.com.br\/renovi\/\",\"name\":\"Reformas em Curitiba | Renovi Arquitetura\",\"description\":\"\",\"potentialAction\":[{\"@type\":\"SearchAction\",\"target\":{\"@type\":\"EntryPoint\",\"urlTemplate\":\"https:\/\/sitecgdw.com.br\/renovi\/?s={search_term_string}\"},\"query-input\":\"required name=search_term_string\"}],\"inLanguage\":\"pt-BR\"},{\"@type\":\"WebPage\",\"@id\":\"https:\/\/sitecgdw.com.br\/renovi\/cookies\/#webpage\",\"url\":\"https:\/\/sitecgdw.com.br\/renovi\/cookies\/\",\"name\":\"Reformas em Curitiba | Renovi Arquitetura\",\"isPartOf\":{\"@id\":\"https:\/\/sitecgdw.com.br\/renovi\/#website\"},\"datePublished\":\"2021-10-01T20:37:04+00:00\",\"dateModified\":\"2022-03-10T13:09:16+00:00\",\"description\":\"Projetos de reformas em Curitiba com qualidade e responsabilidade civil. Reformas comerciais e residenciais, gerenciamento e execu\u00e7\u00e3o de obras | Renovi\",\"breadcrumb\":{\"@id\":\"https:\/\/sitecgdw.com.br\/renovi\/cookies\/#breadcrumb\"},\"inLanguage\":\"pt-BR\",\"potentialAction\":[{\"@type\":\"ReadAction\",\"target\":[\"https:\/\/sitecgdw.com.br\/renovi\/cookies\/\"]}]},{\"@type\":\"BreadcrumbList\",\"@id\":\"https:\/\/sitecgdw.com.br\/renovi\/cookies\/#breadcrumb\",\"itemListElement\":[{\"@type\":\"ListItem\",\"position\":1,\"name\":\"In\u00edcio\",\"item\":\"https:\/\/sitecgdw.com.br\/renovi\/\"},{\"@type\":\"ListItem\",\"position\":2,\"name\":\"Cookies\"}]}]}<\/script>\n<!-- \/ Yoast SEO plugin. -->","yoast_head_json":{"title":"Reformas em Curitiba | Renovi Arquitetura","description":"Projetos de reformas em Curitiba com qualidade e responsabilidade civil. Reformas comerciais e residenciais, gerenciamento e execu\u00e7\u00e3o de obras | Renovi","robots":{"index":"index","follow":"follow","max-snippet":"max-snippet:-1","max-image-preview":"max-image-preview:large","max-video-preview":"max-video-preview:-1"},"canonical":"https:\/\/sitecgdw.com.br\/renovi\/cookies\/","og_locale":"pt_BR","og_type":"article","og_title":"Reformas em Curitiba | Renovi Arquitetura","og_description":"Projetos de reformas em Curitiba com qualidade e responsabilidade civil. Reformas comerciais e residenciais, gerenciamento e execu\u00e7\u00e3o de obras | Renovi","og_url":"https:\/\/sitecgdw.com.br\/renovi\/cookies\/","og_site_name":"Reformas em Curitiba | Renovi Arquitetura","article_modified_time":"2022-03-10T13:09:16+00:00","twitter_card":"summary_large_image","twitter_misc":{"Est. tempo de leitura":"2 minutos"},"schema":{"@context":"https:\/\/schema.org","@graph":[{"@type":"WebSite","@id":"https:\/\/sitecgdw.com.br\/renovi\/#website","url":"https:\/\/sitecgdw.com.br\/renovi\/","name":"Reformas em Curitiba | Renovi Arquitetura","description":"","potentialAction":[{"@type":"SearchAction","target":{"@type":"EntryPoint","urlTemplate":"https:\/\/sitecgdw.com.br\/renovi\/?s={search_term_string}"},"query-input":"required name=search_term_string"}],"inLanguage":"pt-BR"},{"@type":"WebPage","@id":"https:\/\/sitecgdw.com.br\/renovi\/cookies\/#webpage","url":"https:\/\/sitecgdw.com.br\/renovi\/cookies\/","name":"Reformas em Curitiba | Renovi Arquitetura","isPartOf":{"@id":"https:\/\/sitecgdw.com.br\/renovi\/#website"},"datePublished":"2021-10-01T20:37:04+00:00","dateModified":"2022-03-10T13:09:16+00:00","description":"Projetos de reformas em Curitiba com qualidade e responsabilidade civil. Reformas comerciais e residenciais, gerenciamento e execu\u00e7\u00e3o de obras | Renovi","breadcrumb":{"@id":"https:\/\/sitecgdw.com.br\/renovi\/cookies\/#breadcrumb"},"inLanguage":"pt-BR","potentialAction":[{"@type":"ReadAction","target":["https:\/\/sitecgdw.com.br\/renovi\/cookies\/"]}]},{"@type":"BreadcrumbList","@id":"https:\/\/sitecgdw.com.br\/renovi\/cookies\/#breadcrumb","itemListElement":[{"@type":"ListItem","position":1,"name":"In\u00edcio","item":"https:\/\/sitecgdw.com.br\/renovi\/"},{"@type":"ListItem","position":2,"name":"Cookies"}]}]}},"_links":{"self":[{"href":"https:\/\/sitecgdw.com.br\/renovi\/wp-json\/wp\/v2\/pages\/513","targetHints":{"allow":["GET"]}}],"collection":[{"href":"https:\/\/sitecgdw.com.br\/renovi\/wp-json\/wp\/v2\/pages"}],"about":[{"href":"https:\/\/sitecgdw.com.br\/renovi\/wp-json\/wp\/v2\/types\/page"}],"author":[{"embeddable":true,"href":"https:\/\/sitecgdw.com.br\/renovi\/wp-json\/wp\/v2\/users\/1"}],"replies":[{"embeddable":true,"href":"https:\/\/sitecgdw.com.br\/renovi\/wp-json\/wp\/v2\/comments?post=513"}],"version-history":[{"count":17,"href":"https:\/\/sitecgdw.com.br\/renovi\/wp-json\/wp\/v2\/pages\/513\/revisions"}],"predecessor-version":[{"id":767,"href":"https:\/\/sitecgdw.com.br\/renovi\/wp-json\/wp\/v2\/pages\/513\/revisions\/767"}],"wp:attachment":[{"href":"https:\/\/sitecgdw.com.br\/renovi\/wp-json\/wp\/v2\/media?parent=513"}],"curies":[{"name":"wp","href":"https:\/\/api.w.org\/{rel}","templated":true}]}}