{"id":510,"date":"2021-10-01T17:36:30","date_gmt":"2021-10-01T20:36:30","guid":{"rendered":"https:\/\/sitecgdw.com.br\/renovi\/?page_id=510"},"modified":"2022-03-10T10:09:54","modified_gmt":"2022-03-10T13:09:54","slug":"politica-de-privacidade","status":"publish","type":"page","link":"https:\/\/sitecgdw.com.br\/renovi\/politica-de-privacidade\/","title":{"rendered":"Pol\u00edtica de Privacidade"},"content":{"rendered":"\t\t<div data-elementor-type=\"wp-page\" data-elementor-id=\"510\" class=\"elementor elementor-510\" data-elementor-settings=\"[]\">\n\t\t\t\t\t\t\t<div class=\"elementor-section-wrap\">\n\t\t\t\t\t\t\t<section class=\"elementor-section elementor-top-section elementor-element elementor-element-5036716 elementor-section-boxed elementor-section-height-default elementor-section-height-default\" data-id=\"5036716\" data-element_type=\"section\">\n\t\t\t\t\t\t<div class=\"elementor-container elementor-column-gap-default\">\n\t\t\t\t\t<div class=\"elementor-column elementor-col-100 elementor-top-column elementor-element elementor-element-6cc6b14\" data-id=\"6cc6b14\" data-element_type=\"column\">\n\t\t\t<div class=\"elementor-widget-wrap elementor-element-populated\">\n\t\t\t\t\t\t\t\t<div class=\"elementor-element elementor-element-dc584d2 elementor-widget elementor-widget-heading\" data-id=\"dc584d2\" data-element_type=\"widget\" data-widget_type=\"heading.default\">\n\t\t\t\t<div class=\"elementor-widget-container\">\n\t\t\t<h2 class=\"elementor-heading-title elementor-size-default\">Pol\u00edtica de Privacidade<\/h2>\t\t<\/div>\n\t\t\t\t<\/div>\n\t\t\t\t<div class=\"elementor-element elementor-element-3beb418 elementor-widget elementor-widget-text-editor\" data-id=\"3beb418\" data-element_type=\"widget\" data-widget_type=\"text-editor.default\">\n\t\t\t\t<div class=\"elementor-widget-container\">\n\t\t\t\t\t\t\t<p>Ao navegar no site da Renovi (www.renovi.com.br), alguns dados pessoais poder\u00e3o ser tratados.<\/p><p>N\u00f3s somos comprometidos com a seguran\u00e7a dos seus dados pessoais e neste documento ajudaremos voc\u00ea, usu\u00e1rio, a compreender quais s\u00e3o as nossas pr\u00e1ticas em rela\u00e7\u00e3o \u00e0 prote\u00e7\u00e3o de dados, com a descri\u00e7\u00e3o de quais s\u00e3o as informa\u00e7\u00f5es coletadas, como s\u00e3o usadas e compartilhadas.<\/p><p>Sempre que voc\u00ea fornecer informa\u00e7\u00f5es pessoais, trataremos essas informa\u00e7\u00f5es de acordo com esta Pol\u00edtica. Em todos os momentos, esfor\u00e7amo-nos para manter seus dados precisos e seguros.<\/p><p><strong>recomendamos que este documento seja lido com aten\u00e7\u00e3o. nele est\u00e1 descrita a forma como s\u00e3o tratadas as informa\u00e7\u00f5es pessoais fornecidas por voc\u00ea para acessar nosso site e utilizar nossos servi\u00e7os. <\/strong><\/p><p><strong>\u00a0<\/strong><\/p><p><strong>ao ler o texto abaixo e clicar em \u201c<u>li e aceito<\/u>\u201d, voc\u00ea afirma conhecer e entender os termos e condi\u00e7\u00f5es da presente pol\u00edtica de privacidade, consentindo estar concordando \u00e0s suas condi\u00e7\u00f5es de forma livre e espont\u00e2nea.<\/strong><\/p><p><strong>\u00daltima modifica\u00e7\u00e3o:<\/strong><\/p><p>06 de outubro de 2020.<\/p><p><strong>FALE CONOSCO<\/strong><\/p><p><strong>\u00a0<\/strong><\/p><p>Voc\u00ea pode falar conosco em nosso site www.renovi.com.br, pelo telefone +55 (41) 99209-1220 ou enviando um e-mail para contato@renoviarquitetura.com.br. O prazo de resposta \u00e9 de at\u00e9 2 (dois) dias \u00fateis.<\/p><p><strong>QUE TIPO DE INFORMA\u00c7\u00c3O S\u00c3O COLETADAS EM NOSSO SITE<\/strong><\/p><p><strong>\u00a0<\/strong><\/p><p>N\u00f3s coletamos algumas informa\u00e7\u00f5es quando o usu\u00e1rio, titular dos dados pessoais, acessa nosso site ou utiliza os formul\u00e1rios das se\u00e7\u00f5es do site. Essas informa\u00e7\u00f5es s\u00e3o importantes para que seja mantido um canal aberto de comunica\u00e7\u00e3o, com respostas \u00e1geis e precisas com o usu\u00e1rio.<\/p><p><strong>\u00a0<\/strong><\/p><p>A coleta ser\u00e1 de forma direta quando o pr\u00f3prio usu\u00e1rio se utiliza dos meios abaixo:<\/p><ul><li><strong>Formul\u00e1rios:<\/strong> ao entrar em contato conosco por meio do site, n\u00f3s coletaremos alguns dados pessoais, tais como por exemplo, nome, e-mail e telefone para contato. Ao preencher o formul\u00e1rio, n\u00f3s poderemos entrar em contato com o usu\u00e1rio para coletar informa\u00e7\u00f5es adicionais necess\u00e1rias para o atendimento da solicita\u00e7\u00e3o formulada.<\/li><li><strong>Informa\u00e7\u00f5es de localiza\u00e7\u00e3o e navega\u00e7\u00e3o:<\/strong> A depender dos servi\u00e7os utilizados em nosso site e das configura\u00e7\u00f5es do seu aparelho (smartphone), n\u00f3s poderemos coletar, de forma precisa ou aproximada, sua localiza\u00e7\u00e3o por meio dos dados do GPS, endere\u00e7o IP ou WiFi.<\/li><\/ul><p><strong>\u00a0<\/strong><\/p><p>Mantemos os seus dados por quanto tempo for necess\u00e1rio para fornecimento dos nossos servi\u00e7os, envio de propostas, ofertas ou <em>newsletters<\/em> e divulga\u00e7\u00e3o de nossas parcerias. Caso n\u00e3o tenhamos sucesso no encaminhamento de e-mail, os seus dados permanecem armazenados em servidores de banco de dados que possuem sistemas de prote\u00e7\u00e3o (firewall) at\u00e9 o atingimento da finalidade para que foram coletados.<\/p><p>E de forma indireta, a coleta de dados ocorre de forma autom\u00e1tica, atrav\u00e9s de cookies de navega\u00e7\u00e3o, ferramentas de terceiros como Google Analytics e similares, ou ainda plug-ins de terceiros que funcionam a partir do navegador do pr\u00f3prio usu\u00e1rio.<\/p><p>Os cookies s\u00e3o tratados em t\u00f3pico pr\u00f3prio em nossa Pol\u00edtica e desde j\u00e1 informamos que o usu\u00e1rio tem o direito de restringir o acesso a cookies ou navegar de forma an\u00f4nima, configurando seu navegador por conta pr\u00f3pria. Contudo, n\u00e3o descartamos que esta op\u00e7\u00e3o pode acarretar alguma inconsist\u00eancia das funcionalidades do site ou blog, gerando uma navega\u00e7\u00e3o n\u00e3o satisfat\u00f3ria.<\/p><p>Geralmente, os plug-ins est\u00e3o anexados ao site ou ao blog desenvolvido na tecnologia WordPress. N\u00e3o \u00e9 poss\u00edvel identificarmos o usu\u00e1rio titular dos dados, em raz\u00e3o das pr\u00f3prias caracter\u00edsticas de prote\u00e7\u00e3o \u00e0 privacidade da internet. A coleta de dados de forma autom\u00e1tica se d\u00e1 atrav\u00e9s de um c\u00f3digo de usu\u00e1rio an\u00f4nimo, IP de acesso, tipo de dispositivo utilizado para navega\u00e7\u00e3o, data e hora de navega\u00e7\u00e3o, pa\u00eds de origem e outras informa\u00e7\u00f5es gerais, de forma a tratar elas em relat\u00f3rios de an\u00e1lises do site.<\/p><p>Al\u00e9m disso, mecanismos de busca (exemplo, Google) e redes sociais (exemplo, Facebook, Instagram ou similares) podem fornecer ferramentas no estilo de plug-ins, que se conectam ao website para gerar informa\u00e7\u00f5es atrav\u00e9s de cookies e exibir an\u00fancios relacionados. O fato do usu\u00e1rio ser impactado por an\u00fancios referentes aos mesmos produtos ou servi\u00e7os, n\u00e3o significa identifica\u00e7\u00e3o.<\/p><p><strong>\u00a0<\/strong><\/p><p><strong>PORQUE ESSAS INFORMA\u00c7\u00d5ES S\u00c3O COLETADAS<\/strong><\/p><p><strong>\u00a0<\/strong><\/p><p>Os dados pessoais, definidos conforme legisla\u00e7\u00e3o, que s\u00e3o tratados em raz\u00e3o do fornecimento direto pelo usu\u00e1rio, titular dos dados, permitem uma comunica\u00e7\u00e3o \u00e1gil e eficaz conosco, buscando sempre o melhor atendimento no menor tempo poss\u00edvel e aperfei\u00e7oando a experi\u00eancia e usufruto dos diversos servi\u00e7os ofertados pela nossa empresa.<\/p><p><strong>\u00a0<\/strong><\/p><p><strong>COMO AS INFORMA\u00c7\u00d5ES S\u00c3O USADAS<\/strong><\/p><p><strong>\u00a0<\/strong><\/p><p>N\u00f3s utilizamos as informa\u00e7\u00f5es coletadas para prop\u00f3sitos espec\u00edficos que incluem o fornecimento de servi\u00e7os, agilidade na comunica\u00e7\u00e3o e divulga\u00e7\u00e3o de eventos e parcerias feitas pela nossa empresa e envio de <em>newsletter<\/em> e e-mail marketing aos usu\u00e1rios cadastrados, em raz\u00e3o do fornecimento consentido dos dados.<\/p><p>N\u00f3s n\u00e3o tratamos dados que sejam relacionados a crimes, organiza\u00e7\u00f5es criminosas ou terroristas. Dados pessoais enviados por menores de 18 anos tamb\u00e9m n\u00e3o s\u00e3o tratados <strong><u>sem o consentimento do respons\u00e1vel.<\/u><\/strong> Esses dados que porventura cheguem a nossa base ser\u00e3o imediatamente eliminados.<\/p><p><strong>\u00a0<\/strong><\/p><p><strong>COMPARTILHAMENTO DE INFORMA\u00c7\u00d5ES<\/strong><\/p><p><strong>\u00a0<\/strong><\/p><p>Exceto com rela\u00e7\u00e3o aos cookies, cujas informa\u00e7\u00f5es particulares voc\u00ea encontra no t\u00f3pico pr\u00f3prio, n\u00e3o compartilhamos seus dados com terceiros, exceto para nossos parceiros de armazenamento das informa\u00e7\u00f5es (propriet\u00e1rios dos servidores) ou em caso de obriga\u00e7\u00e3o\/determina\u00e7\u00e3o judicial. Qualquer altera\u00e7\u00e3o desse padr\u00e3o ser\u00e1 sempre transparente e para fins espec\u00edficos e previamente repassados para voc\u00ea.<\/p><p>Entretanto, para o envio de newsletters ou contato comercial, atividades anteriormente mencionadas, eventualmente inserimos dados coletados em ferramentas de disparos (exemplo, Dinamize, SharpSpring ou outras similares) que possamos adotar para a mesma finalidade.<\/p><p>Al\u00e9m disso, a hospedagem do site e ferramentas ocorre em <em>data centers<\/em> fora do Brasil, com fornecedores mundiais deste tipo de servi\u00e7o.<\/p><p>Lembre-se de que quando voc\u00ea usa um link para ir do nosso site para outro site ou solicitar um servi\u00e7o de terceiros, nossa Pol\u00edtica n\u00e3o se aplica mais. Sua navega\u00e7\u00e3o e intera\u00e7\u00e3o em qualquer outro website ou suas negocia\u00e7\u00f5es com qualquer outro provedor de servi\u00e7os de terceiros est\u00e3o sujeitas \u00e0s regras e pol\u00edticas do pr\u00f3prio provedor de servi\u00e7os de terceiros ou do pr\u00f3prio site. N\u00f3s n\u00e3o monitoramos, controlamos ou endossamos a coleta de informa\u00e7\u00f5es ou pr\u00e1ticas de privacidade de terceiros. Incentivamos voc\u00ea a se familiarizar com as pr\u00e1ticas de privacidade de todos os sites que voc\u00ea visita ou com o provedor de servi\u00e7os terceirizado com os quais voc\u00ea lida e para contat\u00e1-los caso tenha alguma d\u00favida sobre suas respectivas pol\u00edticas e pr\u00e1ticas de privacidade. Esta Pol\u00edtica aplica-se unicamente aos coletados por n\u00f3s atrav\u00e9s do nosso site ou servi\u00e7os e n\u00e3o se aplica a esses sites de terceiros e provedores de servi\u00e7os terceirizados.<\/p><p><strong>\u00a0<\/strong><\/p><p><strong>DIREITOS DOS TITULARES<\/strong><\/p><p><strong>\u00a0<\/strong><\/p><p>Voc\u00ea pode sempre solicitar a confirma\u00e7\u00e3o de tratamento dos seus dados, a corre\u00e7\u00e3o ou remo\u00e7\u00e3o\/elimina\u00e7\u00e3o de seus dados e informa\u00e7\u00f5es pessoais, relatar eventual uso indevido ou exercer qualquer direito previsto na Lei n. 13.709\/2018 (Lei Geral de Prote\u00e7\u00e3o de Dados) entrando em contato por meio do e-mail contato@renoviarquitetura.com.br.\u00a0O prazo de resposta \u00e9 de at\u00e9 2 (dois) dias \u00fateis.<\/p><p>Em caso de obriga\u00e7\u00f5es legais, regulat\u00f3rias, prote\u00e7\u00e3o de eventuais a\u00e7\u00f5es judiciais futuras ou para manuten\u00e7\u00e3o e prosseguimento dos servi\u00e7os ofertados, os seus dados pessoais n\u00e3o ser\u00e3o eliminados, e o tratamento ser\u00e1 mantido de acordo com essas bases legais expostas e para os fins informados nesta Pol\u00edtica de Privacidade e demais documentos complementares.<\/p><p><strong>\u00a0<\/strong><\/p><p>O usu\u00e1rio concorda que a coleta, armazenamento, uso e compartilhamento de dados pessoais foi realizada em perfeita conson\u00e2ncia com as bases legais previstas nos artigos 7\u00ba e 11, da Lei n. 13.709\/20018, tendo dado consentimento informado, livre, inequ\u00edvoco e espec\u00edfico dos dados que podem ser objeto de tratamento, e que fora observado os princ\u00edpios da finalidade, adequa\u00e7\u00e3o, necessidade, livre acesso, qualidade, transpar\u00eancia, seguran\u00e7a, preven\u00e7\u00e3o e n\u00e3o-discrimina\u00e7\u00e3o (art. 6\u00ba, Lei n. 13.709\/20018).<\/p><p><strong>\u00a0<\/strong><\/p><p><strong>SEGURAN\u00c7A DA INFORMA\u00c7\u00c3O<\/strong><\/p><p><strong>\u00a0<\/strong><\/p><p>Estamos sempre preocupados com a seguran\u00e7a de nossos clientes e dos usu\u00e1rios de nosso site. Nossas informa\u00e7\u00f5es s\u00e3o armazenadas em servidores de empresas igualmente preocupadas com seguran\u00e7a, com redund\u00e2ncia e armazenamento em nuvem, e disp\u00f5em de alta tecnologia e prote\u00e7\u00e3o da informa\u00e7\u00e3o.<\/p><p>Apenas pessoas autorizadas possuem acesso aos dados pessoais tratados por n\u00f3s, garantindo sempre a privacidade dos dados dos titulares.<\/p><p>Toda tecnologia dispon\u00edvel nunca ser\u00e1 suficiente para prevenir 100% de ataques ou acessos n\u00e3o autorizados. Na pequena hip\u00f3tese de ocorr\u00eancia de um vazamento ou viola\u00e7\u00e3o \u00e0 privacidade dos dados dos titulares, n\u00f3s comunicaremos em tempo razo\u00e1vel quais dados foram afetados e todas as medidas por n\u00f3s tomadas para reparar poss\u00edveis danos.<\/p><p><strong>COOKIES E TECNOLOGIAS SIMILARES<\/strong><\/p><p>Nosso site utiliza <em>cookies<\/em>(*) desde os PHP at\u00e9 os fornecidos pelo <em>Google Analytics<\/em> para acompanhar as intera\u00e7\u00f5es com o visitante, podendo armazenar informa\u00e7\u00f5es como o hor\u00e1rio em que a visita atual ocorreu, se o visitante j\u00e1 esteve no site antes ou se houve alguma indica\u00e7\u00e3o para acesso ao nosso site.<\/p><p><em>*Cookie: arquivo colocado em seu computador para rastrear movimentos dentro do site, como visitas as p\u00e1ginas e an\u00fancios. Cookies n\u00e3o armazenam informa\u00e7\u00f5es pessoais sem que voc\u00ea as tenha fornecido e n\u00e3o coletam informa\u00e7\u00f5es registradas em seu computador.<\/em><\/p><p>Os navegadores n\u00e3o compartilham seus cookies entre dom\u00ednios.<\/p><p>Utilizamos tamb\u00e9m a ferramenta <em>Google Analytics<\/em> para avaliar a audi\u00eancia do nosso site e melhorar constantemente a oferta de conte\u00fado para nossos usu\u00e1rios e clientes. Essa ferramenta possui <a href=\"http:\/\/www.google.com\/analytics\/terms\/br.html\">Condi\u00e7\u00f5es Gerais de Uso e Pol\u00edtica de Privacidade<\/a> pr\u00f3prios, acess\u00edveis clicando no <em>link<\/em> acima.<\/p><p>Al\u00e9m disso, utilizamos por padr\u00e3o cookies PHP, criados como identificador \u00fanico de sess\u00e3o do usu\u00e1rio, usados para identificar se um usu\u00e1rio retorna ao nosso site e\/ou por qual meio ele foi direcionado at\u00e9 o nosso site.<\/p><p>N\u00e3o descartamos ainda a cria\u00e7\u00e3o de cookies de forma indireta em raz\u00e3o de servi\u00e7os de terceiros disponibilizados atrav\u00e9s do nosso site, para coleta de forma autom\u00e1tica de informa\u00e7\u00f5es gerais de navega\u00e7\u00e3o, de forma a melhorar e agregar mais valor a experi\u00eancia do usu\u00e1rio em nosso site.<\/p><p>Voc\u00ea poder\u00e1 optar pelo n\u00e3o fornecimento de <em>cookies<\/em> a qualquer momento desabilitando respectiva fun\u00e7\u00e3o de seu navegador, ciente de que ao faz\u00ea-lo, os servi\u00e7os fornecidos ao usu\u00e1rio poder\u00e3o n\u00e3o apresentar todas as suas funcionalidades.<\/p><p><strong>ATUALIZA\u00c7\u00c3O DA POL\u00cdTICA DE PRIVACIDADE<\/strong><\/p><p><strong>\u00a0<\/strong><\/p><p>N\u00f3s poderemos, a qualquer momento e de forma peri\u00f3dica caso necess\u00e1rio, alterar esta pol\u00edtica de privacidade para atender a altera\u00e7\u00f5es legislativas, exig\u00eancias de \u00f3rg\u00e3os regulat\u00f3rios ou necessidades operacionais. Caso a altera\u00e7\u00e3o seja significativa, as duas vers\u00f5es (antiga e a atualizada) estar\u00e3o dispon\u00edveis no site para compara\u00e7\u00e3o.<\/p>\t\t\t\t\t\t<\/div>\n\t\t\t\t<\/div>\n\t\t\t\t\t<\/div>\n\t\t<\/div>\n\t\t\t\t\t\t\t<\/div>\n\t\t<\/section>\n\t\t\t\t\t\t<\/div>\n\t\t\t\t\t<\/div>\n\t\t","protected":false},"excerpt":{"rendered":"<p>Pol\u00edtica de Privacidade Ao navegar no site da Renovi (www.renovi.com.br), alguns dados pessoais poder\u00e3o ser tratados. N\u00f3s somos comprometidos com a seguran\u00e7a dos seus dados pessoais e neste documento ajudaremos voc\u00ea, usu\u00e1rio, a compreender quais s\u00e3o as nossas pr\u00e1ticas em rela\u00e7\u00e3o \u00e0 prote\u00e7\u00e3o de dados, com a descri\u00e7\u00e3o de quais s\u00e3o as informa\u00e7\u00f5es coletadas, como&hellip; <a class=\"more-link\" href=\"https:\/\/sitecgdw.com.br\/renovi\/politica-de-privacidade\/\">Continuar lendo <span class=\"screen-reader-text\">Pol\u00edtica de Privacidade<\/span><\/a><\/p>\n","protected":false},"author":1,"featured_media":0,"parent":0,"menu_order":0,"comment_status":"closed","ping_status":"closed","template":"elementor_header_footer","meta":{"footnotes":""},"class_list":["post-510","page","type-page","status-publish","hentry","entry"],"yoast_head":"<!-- This site is optimized with the Yoast SEO plugin v18.1 - https:\/\/yoast.com\/wordpress\/plugins\/seo\/ -->\n<title>Reformas em Curitiba | Renovi Arquitetura<\/title>\n<meta name=\"description\" content=\"Projetos de reformas em Curitiba com qualidade e responsabilidade civil. Reformas comerciais e residenciais, gerenciamento e execu\u00e7\u00e3o de obras | Renovi\" \/>\n<meta name=\"robots\" content=\"index, follow, max-snippet:-1, max-image-preview:large, max-video-preview:-1\" \/>\n<link rel=\"canonical\" href=\"https:\/\/sitecgdw.com.br\/renovi\/politica-de-privacidade\/\" \/>\n<meta property=\"og:locale\" content=\"pt_BR\" \/>\n<meta property=\"og:type\" content=\"article\" \/>\n<meta property=\"og:title\" content=\"Reformas em Curitiba | Renovi Arquitetura\" \/>\n<meta property=\"og:description\" content=\"Projetos de reformas em Curitiba com qualidade e responsabilidade civil. Reformas comerciais e residenciais, gerenciamento e execu\u00e7\u00e3o de obras | Renovi\" \/>\n<meta property=\"og:url\" content=\"https:\/\/sitecgdw.com.br\/renovi\/politica-de-privacidade\/\" \/>\n<meta property=\"og:site_name\" content=\"Reformas em Curitiba | Renovi Arquitetura\" \/>\n<meta property=\"article:modified_time\" content=\"2022-03-10T13:09:54+00:00\" \/>\n<meta name=\"twitter:card\" content=\"summary_large_image\" \/>\n<meta name=\"twitter:label1\" content=\"Est. tempo de leitura\" \/>\n\t<meta name=\"twitter:data1\" content=\"10 minutos\" \/>\n<script type=\"application\/ld+json\" class=\"yoast-schema-graph\">{\"@context\":\"https:\/\/schema.org\",\"@graph\":[{\"@type\":\"WebSite\",\"@id\":\"https:\/\/sitecgdw.com.br\/renovi\/#website\",\"url\":\"https:\/\/sitecgdw.com.br\/renovi\/\",\"name\":\"Reformas em Curitiba | Renovi Arquitetura\",\"description\":\"\",\"potentialAction\":[{\"@type\":\"SearchAction\",\"target\":{\"@type\":\"EntryPoint\",\"urlTemplate\":\"https:\/\/sitecgdw.com.br\/renovi\/?s={search_term_string}\"},\"query-input\":\"required name=search_term_string\"}],\"inLanguage\":\"pt-BR\"},{\"@type\":\"WebPage\",\"@id\":\"https:\/\/sitecgdw.com.br\/renovi\/politica-de-privacidade\/#webpage\",\"url\":\"https:\/\/sitecgdw.com.br\/renovi\/politica-de-privacidade\/\",\"name\":\"Reformas em Curitiba | Renovi Arquitetura\",\"isPartOf\":{\"@id\":\"https:\/\/sitecgdw.com.br\/renovi\/#website\"},\"datePublished\":\"2021-10-01T20:36:30+00:00\",\"dateModified\":\"2022-03-10T13:09:54+00:00\",\"description\":\"Projetos de reformas em Curitiba com qualidade e responsabilidade civil. Reformas comerciais e residenciais, gerenciamento e execu\u00e7\u00e3o de obras | Renovi\",\"breadcrumb\":{\"@id\":\"https:\/\/sitecgdw.com.br\/renovi\/politica-de-privacidade\/#breadcrumb\"},\"inLanguage\":\"pt-BR\",\"potentialAction\":[{\"@type\":\"ReadAction\",\"target\":[\"https:\/\/sitecgdw.com.br\/renovi\/politica-de-privacidade\/\"]}]},{\"@type\":\"BreadcrumbList\",\"@id\":\"https:\/\/sitecgdw.com.br\/renovi\/politica-de-privacidade\/#breadcrumb\",\"itemListElement\":[{\"@type\":\"ListItem\",\"position\":1,\"name\":\"In\u00edcio\",\"item\":\"https:\/\/sitecgdw.com.br\/renovi\/\"},{\"@type\":\"ListItem\",\"position\":2,\"name\":\"Pol\u00edtica de Privacidade\"}]}]}<\/script>\n<!-- \/ Yoast SEO plugin. -->","yoast_head_json":{"title":"Reformas em Curitiba | Renovi Arquitetura","description":"Projetos de reformas em Curitiba com qualidade e responsabilidade civil. Reformas comerciais e residenciais, gerenciamento e execu\u00e7\u00e3o de obras | Renovi","robots":{"index":"index","follow":"follow","max-snippet":"max-snippet:-1","max-image-preview":"max-image-preview:large","max-video-preview":"max-video-preview:-1"},"canonical":"https:\/\/sitecgdw.com.br\/renovi\/politica-de-privacidade\/","og_locale":"pt_BR","og_type":"article","og_title":"Reformas em Curitiba | Renovi Arquitetura","og_description":"Projetos de reformas em Curitiba com qualidade e responsabilidade civil. Reformas comerciais e residenciais, gerenciamento e execu\u00e7\u00e3o de obras | Renovi","og_url":"https:\/\/sitecgdw.com.br\/renovi\/politica-de-privacidade\/","og_site_name":"Reformas em Curitiba | Renovi Arquitetura","article_modified_time":"2022-03-10T13:09:54+00:00","twitter_card":"summary_large_image","twitter_misc":{"Est. tempo de leitura":"10 minutos"},"schema":{"@context":"https:\/\/schema.org","@graph":[{"@type":"WebSite","@id":"https:\/\/sitecgdw.com.br\/renovi\/#website","url":"https:\/\/sitecgdw.com.br\/renovi\/","name":"Reformas em Curitiba | Renovi Arquitetura","description":"","potentialAction":[{"@type":"SearchAction","target":{"@type":"EntryPoint","urlTemplate":"https:\/\/sitecgdw.com.br\/renovi\/?s={search_term_string}"},"query-input":"required name=search_term_string"}],"inLanguage":"pt-BR"},{"@type":"WebPage","@id":"https:\/\/sitecgdw.com.br\/renovi\/politica-de-privacidade\/#webpage","url":"https:\/\/sitecgdw.com.br\/renovi\/politica-de-privacidade\/","name":"Reformas em Curitiba | Renovi Arquitetura","isPartOf":{"@id":"https:\/\/sitecgdw.com.br\/renovi\/#website"},"datePublished":"2021-10-01T20:36:30+00:00","dateModified":"2022-03-10T13:09:54+00:00","description":"Projetos de reformas em Curitiba com qualidade e responsabilidade civil. Reformas comerciais e residenciais, gerenciamento e execu\u00e7\u00e3o de obras | Renovi","breadcrumb":{"@id":"https:\/\/sitecgdw.com.br\/renovi\/politica-de-privacidade\/#breadcrumb"},"inLanguage":"pt-BR","potentialAction":[{"@type":"ReadAction","target":["https:\/\/sitecgdw.com.br\/renovi\/politica-de-privacidade\/"]}]},{"@type":"BreadcrumbList","@id":"https:\/\/sitecgdw.com.br\/renovi\/politica-de-privacidade\/#breadcrumb","itemListElement":[{"@type":"ListItem","position":1,"name":"In\u00edcio","item":"https:\/\/sitecgdw.com.br\/renovi\/"},{"@type":"ListItem","position":2,"name":"Pol\u00edtica de Privacidade"}]}]}},"_links":{"self":[{"href":"https:\/\/sitecgdw.com.br\/renovi\/wp-json\/wp\/v2\/pages\/510","targetHints":{"allow":["GET"]}}],"collection":[{"href":"https:\/\/sitecgdw.com.br\/renovi\/wp-json\/wp\/v2\/pages"}],"about":[{"href":"https:\/\/sitecgdw.com.br\/renovi\/wp-json\/wp\/v2\/types\/page"}],"author":[{"embeddable":true,"href":"https:\/\/sitecgdw.com.br\/renovi\/wp-json\/wp\/v2\/users\/1"}],"replies":[{"embeddable":true,"href":"https:\/\/sitecgdw.com.br\/renovi\/wp-json\/wp\/v2\/comments?post=510"}],"version-history":[{"count":24,"href":"https:\/\/sitecgdw.com.br\/renovi\/wp-json\/wp\/v2\/pages\/510\/revisions"}],"predecessor-version":[{"id":1058,"href":"https:\/\/sitecgdw.com.br\/renovi\/wp-json\/wp\/v2\/pages\/510\/revisions\/1058"}],"wp:attachment":[{"href":"https:\/\/sitecgdw.com.br\/renovi\/wp-json\/wp\/v2\/media?parent=510"}],"curies":[{"name":"wp","href":"https:\/\/api.w.org\/{rel}","templated":true}]}}