{"id":15,"date":"2021-10-01T11:37:55","date_gmt":"2021-10-01T14:37:55","guid":{"rendered":"https:\/\/sitecgdw.com.br\/renovi\/?page_id=15"},"modified":"2022-03-10T10:08:55","modified_gmt":"2022-03-10T13:08:55","slug":"contato","status":"publish","type":"page","link":"https:\/\/sitecgdw.com.br\/renovi\/contato\/","title":{"rendered":"Contato"},"content":{"rendered":"\t\t<div data-elementor-type=\"wp-page\" data-elementor-id=\"15\" class=\"elementor elementor-15\" data-elementor-settings=\"[]\">\n\t\t\t\t\t\t\t<div class=\"elementor-section-wrap\">\n\t\t\t\t\t\t\t<section class=\"elementor-section elementor-top-section elementor-element elementor-element-1eea1f32 elementor-section-boxed elementor-section-height-default elementor-section-height-default\" data-id=\"1eea1f32\" data-element_type=\"section\" data-settings=\"{&quot;background_background&quot;:&quot;classic&quot;}\">\n\t\t\t\t\t\t<div class=\"elementor-container elementor-column-gap-default\">\n\t\t\t\t\t<div class=\"elementor-column elementor-col-50 elementor-top-column elementor-element elementor-element-76fd92d8\" data-id=\"76fd92d8\" data-element_type=\"column\">\n\t\t\t<div class=\"elementor-widget-wrap elementor-element-populated\">\n\t\t\t\t\t\t\t\t<div class=\"elementor-element elementor-element-11fba9ee elementor-widget elementor-widget-heading\" data-id=\"11fba9ee\" data-element_type=\"widget\" data-widget_type=\"heading.default\">\n\t\t\t\t<div class=\"elementor-widget-container\">\n\t\t\t<h2 class=\"elementor-heading-title elementor-size-default\">Ficou com alguma d\u00favida?<\/h2>\t\t<\/div>\n\t\t\t\t<\/div>\n\t\t\t\t<div class=\"elementor-element elementor-element-1e44da6a elementor-widget elementor-widget-text-editor\" data-id=\"1e44da6a\" data-element_type=\"widget\" data-widget_type=\"text-editor.default\">\n\t\t\t\t<div class=\"elementor-widget-container\">\n\t\t\t\t\t\t\t<p>Preencha o formul\u00e1rio,\u00a0 envie um e-mail ou chame no WhatsApp. Voc\u00ea ser\u00e1 atendido em breve.<\/p>\t\t\t\t\t\t<\/div>\n\t\t\t\t<\/div>\n\t\t\t\t<div class=\"elementor-element elementor-element-34042220 elementor-align-left elementor-widget elementor-widget-button\" data-id=\"34042220\" data-element_type=\"widget\" data-widget_type=\"button.default\">\n\t\t\t\t<div class=\"elementor-widget-container\">\n\t\t\t\t\t<div class=\"elementor-button-wrapper\">\n\t\t\t<a href=\"https:\/\/api.whatsapp.com\/send?phone=5541992091220\" target=\"_blank\" class=\"elementor-button-link elementor-button elementor-size-sm\" role=\"button\">\n\t\t\t\t\t\t<span class=\"elementor-button-content-wrapper\">\n\t\t\t\t\t\t<span class=\"elementor-button-icon elementor-align-icon-left\">\n\t\t\t\t<i aria-hidden=\"true\" class=\"fab fa-whatsapp\"><\/i>\t\t\t<\/span>\n\t\t\t\t\t\t<span class=\"elementor-button-text\">Chame no WhatsApp<\/span>\n\t\t<\/span>\n\t\t\t\t\t<\/a>\n\t\t<\/div>\n\t\t\t\t<\/div>\n\t\t\t\t<\/div>\n\t\t\t\t<div class=\"elementor-element elementor-element-0103a13 elementor-icon-list--layout-traditional elementor-list-item-link-full_width elementor-widget elementor-widget-icon-list\" data-id=\"0103a13\" data-element_type=\"widget\" data-widget_type=\"icon-list.default\">\n\t\t\t\t<div class=\"elementor-widget-container\">\n\t\t\t\t\t<ul class=\"elementor-icon-list-items\">\n\t\t\t\t\t\t\t<li class=\"elementor-icon-list-item\">\n\t\t\t\t\t\t\t\t\t\t\t<span class=\"elementor-icon-list-icon\">\n\t\t\t\t\t\t\t<i aria-hidden=\"true\" class=\"fab fa-whatsapp\"><\/i>\t\t\t\t\t\t<\/span>\n\t\t\t\t\t\t\t\t\t\t<span class=\"elementor-icon-list-text\">(41) 99209-1220<\/span>\n\t\t\t\t\t\t\t\t\t<\/li>\n\t\t\t\t\t\t\t\t<li class=\"elementor-icon-list-item\">\n\t\t\t\t\t\t\t\t\t\t\t<span class=\"elementor-icon-list-icon\">\n\t\t\t\t\t\t\t<i aria-hidden=\"true\" class=\"far fa-envelope\"><\/i>\t\t\t\t\t\t<\/span>\n\t\t\t\t\t\t\t\t\t\t<span class=\"elementor-icon-list-text\">contato@renoviarquitetura.com.br<\/span>\n\t\t\t\t\t\t\t\t\t<\/li>\n\t\t\t\t\t\t<\/ul>\n\t\t\t\t<\/div>\n\t\t\t\t<\/div>\n\t\t\t\t<div class=\"elementor-element elementor-element-e8be285 elementor-shape-square e-grid-align-left elementor-grid-0 elementor-widget elementor-widget-social-icons\" data-id=\"e8be285\" data-element_type=\"widget\" data-widget_type=\"social-icons.default\">\n\t\t\t\t<div class=\"elementor-widget-container\">\n\t\t\t\t\t<div class=\"elementor-social-icons-wrapper elementor-grid\">\n\t\t\t\t\t\t\t<span class=\"elementor-grid-item\">\n\t\t\t\t\t<a class=\"elementor-icon elementor-social-icon elementor-social-icon- elementor-repeater-item-ddc1196\" target=\"_blank\">\n\t\t\t\t\t\t<span class=\"elementor-screen-only\"><\/span>\n\t\t\t\t\t\t<svg xmlns=\"http:\/\/www.w3.org\/2000\/svg\" id=\"Bold\" height=\"512\" viewBox=\"0 0 24 24\" width=\"512\"><path d=\"m15.997 3.985h2.191v-3.816c-.378-.052-1.678-.169-3.192-.169-3.159 0-5.323 1.987-5.323 5.639v3.361h-3.486v4.266h3.486v10.734h4.274v-10.733h3.345l.531-4.266h-3.877v-2.939c.001-1.233.333-2.077 2.051-2.077z\"><\/path><\/svg>\t\t\t\t\t<\/a>\n\t\t\t\t<\/span>\n\t\t\t\t\t\t\t<span class=\"elementor-grid-item\">\n\t\t\t\t\t<a class=\"elementor-icon elementor-social-icon elementor-social-icon-instagram elementor-repeater-item-82fa319\" href=\"https:\/\/www.instagram.com\/renoviarq\/\" target=\"_blank\">\n\t\t\t\t\t\t<span class=\"elementor-screen-only\">Instagram<\/span>\n\t\t\t\t\t\t<i class=\"fab fa-instagram\"><\/i>\t\t\t\t\t<\/a>\n\t\t\t\t<\/span>\n\t\t\t\t\t<\/div>\n\t\t\t\t<\/div>\n\t\t\t\t<\/div>\n\t\t\t\t\t<\/div>\n\t\t<\/div>\n\t\t\t\t<div class=\"elementor-column elementor-col-50 elementor-top-column elementor-element elementor-element-197e1f82\" data-id=\"197e1f82\" data-element_type=\"column\">\n\t\t\t<div class=\"elementor-widget-wrap elementor-element-populated\">\n\t\t\t\t\t\t\t\t<div class=\"elementor-element elementor-element-5094b340 elementor-button-align-stretch elementor-widget elementor-widget-form\" data-id=\"5094b340\" data-element_type=\"widget\" data-settings=\"{&quot;step_next_label&quot;:&quot;Pr\\u00f3ximo&quot;,&quot;step_previous_label&quot;:&quot;Anterior&quot;,&quot;button_width&quot;:&quot;100&quot;,&quot;step_type&quot;:&quot;number_text&quot;,&quot;step_icon_shape&quot;:&quot;circle&quot;}\" data-widget_type=\"form.default\">\n\t\t\t\t<div class=\"elementor-widget-container\">\n\t\t\t\t\t<form class=\"elementor-form\" method=\"post\" name=\"Formul\u00e1rio de Contato\">\n\t\t\t<input type=\"hidden\" name=\"post_id\" value=\"15\"\/>\n\t\t\t<input type=\"hidden\" name=\"form_id\" value=\"5094b340\"\/>\n\t\t\t<input type=\"hidden\" name=\"referer_title\" value=\"Reformas em Curitiba | Renovi Arquitetura\" \/>\n\n\t\t\t\n\t\t\t<div class=\"elementor-form-fields-wrapper elementor-labels-above\">\n\t\t\t\t\t\t\t\t<div class=\"elementor-field-type-text elementor-field-group elementor-column elementor-field-group-name elementor-col-100 elementor-field-required elementor-mark-required\">\n\t\t\t\t\t<label for=\"form-field-name\" class=\"elementor-field-label\">Nome<\/label><input size=\"1\" type=\"text\" name=\"form_fields[name]\" id=\"form-field-name\" class=\"elementor-field elementor-size-md  elementor-field-textual\" placeholder=\"   Escreva seu nome\" required=\"required\" aria-required=\"true\">\t\t\t\t<\/div>\n\t\t\t\t\t\t\t\t<div class=\"elementor-field-type-email elementor-field-group elementor-column elementor-field-group-email elementor-col-50 elementor-field-required elementor-mark-required\">\n\t\t\t\t\t<label for=\"form-field-email\" class=\"elementor-field-label\">E-mail<\/label><input size=\"1\" type=\"email\" name=\"form_fields[email]\" id=\"form-field-email\" class=\"elementor-field elementor-size-md  elementor-field-textual\" placeholder=\"   seuemail@\" required=\"required\" aria-required=\"true\">\t\t\t\t<\/div>\n\t\t\t\t\t\t\t\t<div class=\"elementor-field-type-tel elementor-field-group elementor-column elementor-field-group-field_f2d204a elementor-col-50 elementor-field-required elementor-mark-required\">\n\t\t\t\t\t<label for=\"form-field-field_f2d204a\" class=\"elementor-field-label\">Telefone<\/label><input size=\"1\" type=\"tel\" name=\"form_fields[field_f2d204a]\" id=\"form-field-field_f2d204a\" class=\"elementor-field elementor-size-md  elementor-field-textual\" placeholder=\"   (__) _ ____-____\" required=\"required\" aria-required=\"true\" pattern=\"[0-9()#&amp;+*-=.]+\" title=\"Only numbers and phone characters (#, -, *, etc) are accepted.\">\t\t\t\t<\/div>\n\t\t\t\t\t\t\t\t<div class=\"elementor-field-type-textarea elementor-field-group elementor-column elementor-field-group-message elementor-col-100 elementor-field-required elementor-mark-required\">\n\t\t\t\t\t<label for=\"form-field-message\" class=\"elementor-field-label\">Mensagem<\/label><textarea class=\"elementor-field-textual elementor-field  elementor-size-md\" name=\"form_fields[message]\" id=\"form-field-message\" rows=\"4\" placeholder=\"   Escreva aqui sua mensagem \" required=\"required\" aria-required=\"true\"><\/textarea>\t\t\t\t<\/div>\n\t\t\t\t\t\t\t\t<div class=\"elementor-field-type-acceptance elementor-field-group elementor-column elementor-field-group-politica elementor-col-100 elementor-field-required elementor-mark-required\">\n\t\t\t\t\t<div class=\"elementor-field-subgroup\"><span class=\"elementor-field-option\"><input type=\"checkbox\" name=\"form_fields[politica]\" id=\"form-field-politica\" class=\"elementor-field elementor-size-md  elementor-acceptance-field\" required=\"required\" aria-required=\"true\"> <label for=\"form-field-politica\">Declaro que li os termos da<a href=\"https:\/\/sitecgdw.com.br\/renovi\/politica-de-privacidade\/\"><b> Pol\u00edtica de Privacidade.<\/a><\/b><\/label><\/span><\/div>\t\t\t\t<\/div>\n\t\t\t\t\t\t\t\t<div class=\"elementor-field-type-recaptcha elementor-field-group elementor-column elementor-field-group-field_0f9d823 elementor-col-100\">\n\t\t\t\t\t<div class=\"elementor-field\" id=\"form-field-field_0f9d823\"><\/div>\t\t\t\t<\/div>\n\t\t\t\t\t\t\t\t<div class=\"elementor-field-group elementor-column elementor-field-type-submit elementor-col-100 e-form__buttons\">\n\t\t\t\t\t<button type=\"submit\" class=\"elementor-button elementor-size-sm\">\n\t\t\t\t\t\t<span >\n\t\t\t\t\t\t\t\t\t\t\t\t\t\t\t<span class=\" elementor-button-icon\">\n\t\t\t\t\t\t\t\t\t\t\t\t\t\t\t\t\t\t\t\t\t\t\t\t\t\t<\/span>\n\t\t\t\t\t\t\t\t\t\t\t\t\t\t\t\t\t\t\t\t\t\t<span class=\"elementor-button-text\">Enviar mensagem<\/span>\n\t\t\t\t\t\t\t\t\t\t\t\t\t<\/span>\n\t\t\t\t\t<\/button>\n\t\t\t\t<\/div>\n\t\t\t<\/div>\n\t\t<\/form>\n\t\t\t\t<\/div>\n\t\t\t\t<\/div>\n\t\t\t\t\t<\/div>\n\t\t<\/div>\n\t\t\t\t\t\t\t<\/div>\n\t\t<\/section>\n\t\t\t\t\t\t<\/div>\n\t\t\t\t\t<\/div>\n\t\t","protected":false},"excerpt":{"rendered":"<p>Ficou com alguma d\u00favida? Preencha o formul\u00e1rio,&nbsp; envie um e-mail ou chame no WhatsApp. Voc\u00ea ser\u00e1 atendido em breve. Chame no WhatsApp (41) 99209-1220 contato@renoviarquitetura.com.br Instagram<\/p>\n","protected":false},"author":1,"featured_media":0,"parent":0,"menu_order":0,"comment_status":"closed","ping_status":"closed","template":"elementor_header_footer","meta":{"footnotes":""},"class_list":["post-15","page","type-page","status-publish","hentry","entry"],"yoast_head":"<!-- This site is optimized with the Yoast SEO plugin v18.1 - https:\/\/yoast.com\/wordpress\/plugins\/seo\/ -->\n<title>Reformas em Curitiba | Renovi Arquitetura<\/title>\n<meta name=\"description\" content=\"Projetos de reformas em Curitiba com qualidade e responsabilidade civil. Reformas comerciais e residenciais, gerenciamento e execu\u00e7\u00e3o de obras | Renovi\" \/>\n<meta name=\"robots\" content=\"index, follow, max-snippet:-1, max-image-preview:large, max-video-preview:-1\" \/>\n<link rel=\"canonical\" href=\"https:\/\/sitecgdw.com.br\/renovi\/contato\/\" \/>\n<meta property=\"og:locale\" content=\"pt_BR\" \/>\n<meta property=\"og:type\" content=\"article\" \/>\n<meta property=\"og:title\" content=\"Reformas em Curitiba | Renovi Arquitetura\" \/>\n<meta property=\"og:description\" content=\"Projetos de reformas em Curitiba com qualidade e responsabilidade civil. Reformas comerciais e residenciais, gerenciamento e execu\u00e7\u00e3o de obras | Renovi\" \/>\n<meta property=\"og:url\" content=\"https:\/\/sitecgdw.com.br\/renovi\/contato\/\" \/>\n<meta property=\"og:site_name\" content=\"Reformas em Curitiba | Renovi Arquitetura\" \/>\n<meta property=\"article:modified_time\" content=\"2022-03-10T13:08:55+00:00\" \/>\n<meta name=\"twitter:card\" content=\"summary_large_image\" \/>\n<meta name=\"twitter:label1\" content=\"Est. tempo de leitura\" \/>\n\t<meta name=\"twitter:data1\" content=\"1 minuto\" \/>\n<script type=\"application\/ld+json\" class=\"yoast-schema-graph\">{\"@context\":\"https:\/\/schema.org\",\"@graph\":[{\"@type\":\"WebSite\",\"@id\":\"https:\/\/sitecgdw.com.br\/renovi\/#website\",\"url\":\"https:\/\/sitecgdw.com.br\/renovi\/\",\"name\":\"Reformas em Curitiba | Renovi Arquitetura\",\"description\":\"\",\"potentialAction\":[{\"@type\":\"SearchAction\",\"target\":{\"@type\":\"EntryPoint\",\"urlTemplate\":\"https:\/\/sitecgdw.com.br\/renovi\/?s={search_term_string}\"},\"query-input\":\"required name=search_term_string\"}],\"inLanguage\":\"pt-BR\"},{\"@type\":\"WebPage\",\"@id\":\"https:\/\/sitecgdw.com.br\/renovi\/contato\/#webpage\",\"url\":\"https:\/\/sitecgdw.com.br\/renovi\/contato\/\",\"name\":\"Reformas em Curitiba | Renovi Arquitetura\",\"isPartOf\":{\"@id\":\"https:\/\/sitecgdw.com.br\/renovi\/#website\"},\"datePublished\":\"2021-10-01T14:37:55+00:00\",\"dateModified\":\"2022-03-10T13:08:55+00:00\",\"description\":\"Projetos de reformas em Curitiba com qualidade e responsabilidade civil. Reformas comerciais e residenciais, gerenciamento e execu\u00e7\u00e3o de obras | Renovi\",\"breadcrumb\":{\"@id\":\"https:\/\/sitecgdw.com.br\/renovi\/contato\/#breadcrumb\"},\"inLanguage\":\"pt-BR\",\"potentialAction\":[{\"@type\":\"ReadAction\",\"target\":[\"https:\/\/sitecgdw.com.br\/renovi\/contato\/\"]}]},{\"@type\":\"BreadcrumbList\",\"@id\":\"https:\/\/sitecgdw.com.br\/renovi\/contato\/#breadcrumb\",\"itemListElement\":[{\"@type\":\"ListItem\",\"position\":1,\"name\":\"In\u00edcio\",\"item\":\"https:\/\/sitecgdw.com.br\/renovi\/\"},{\"@type\":\"ListItem\",\"position\":2,\"name\":\"Contato\"}]}]}<\/script>\n<!-- \/ Yoast SEO plugin. -->","yoast_head_json":{"title":"Reformas em Curitiba | Renovi Arquitetura","description":"Projetos de reformas em Curitiba com qualidade e responsabilidade civil. Reformas comerciais e residenciais, gerenciamento e execu\u00e7\u00e3o de obras | Renovi","robots":{"index":"index","follow":"follow","max-snippet":"max-snippet:-1","max-image-preview":"max-image-preview:large","max-video-preview":"max-video-preview:-1"},"canonical":"https:\/\/sitecgdw.com.br\/renovi\/contato\/","og_locale":"pt_BR","og_type":"article","og_title":"Reformas em Curitiba | Renovi Arquitetura","og_description":"Projetos de reformas em Curitiba com qualidade e responsabilidade civil. Reformas comerciais e residenciais, gerenciamento e execu\u00e7\u00e3o de obras | Renovi","og_url":"https:\/\/sitecgdw.com.br\/renovi\/contato\/","og_site_name":"Reformas em Curitiba | Renovi Arquitetura","article_modified_time":"2022-03-10T13:08:55+00:00","twitter_card":"summary_large_image","twitter_misc":{"Est. tempo de leitura":"1 minuto"},"schema":{"@context":"https:\/\/schema.org","@graph":[{"@type":"WebSite","@id":"https:\/\/sitecgdw.com.br\/renovi\/#website","url":"https:\/\/sitecgdw.com.br\/renovi\/","name":"Reformas em Curitiba | Renovi Arquitetura","description":"","potentialAction":[{"@type":"SearchAction","target":{"@type":"EntryPoint","urlTemplate":"https:\/\/sitecgdw.com.br\/renovi\/?s={search_term_string}"},"query-input":"required name=search_term_string"}],"inLanguage":"pt-BR"},{"@type":"WebPage","@id":"https:\/\/sitecgdw.com.br\/renovi\/contato\/#webpage","url":"https:\/\/sitecgdw.com.br\/renovi\/contato\/","name":"Reformas em Curitiba | Renovi Arquitetura","isPartOf":{"@id":"https:\/\/sitecgdw.com.br\/renovi\/#website"},"datePublished":"2021-10-01T14:37:55+00:00","dateModified":"2022-03-10T13:08:55+00:00","description":"Projetos de reformas em Curitiba com qualidade e responsabilidade civil. Reformas comerciais e residenciais, gerenciamento e execu\u00e7\u00e3o de obras | Renovi","breadcrumb":{"@id":"https:\/\/sitecgdw.com.br\/renovi\/contato\/#breadcrumb"},"inLanguage":"pt-BR","potentialAction":[{"@type":"ReadAction","target":["https:\/\/sitecgdw.com.br\/renovi\/contato\/"]}]},{"@type":"BreadcrumbList","@id":"https:\/\/sitecgdw.com.br\/renovi\/contato\/#breadcrumb","itemListElement":[{"@type":"ListItem","position":1,"name":"In\u00edcio","item":"https:\/\/sitecgdw.com.br\/renovi\/"},{"@type":"ListItem","position":2,"name":"Contato"}]}]}},"_links":{"self":[{"href":"https:\/\/sitecgdw.com.br\/renovi\/wp-json\/wp\/v2\/pages\/15","targetHints":{"allow":["GET"]}}],"collection":[{"href":"https:\/\/sitecgdw.com.br\/renovi\/wp-json\/wp\/v2\/pages"}],"about":[{"href":"https:\/\/sitecgdw.com.br\/renovi\/wp-json\/wp\/v2\/types\/page"}],"author":[{"embeddable":true,"href":"https:\/\/sitecgdw.com.br\/renovi\/wp-json\/wp\/v2\/users\/1"}],"replies":[{"embeddable":true,"href":"https:\/\/sitecgdw.com.br\/renovi\/wp-json\/wp\/v2\/comments?post=15"}],"version-history":[{"count":60,"href":"https:\/\/sitecgdw.com.br\/renovi\/wp-json\/wp\/v2\/pages\/15\/revisions"}],"predecessor-version":[{"id":933,"href":"https:\/\/sitecgdw.com.br\/renovi\/wp-json\/wp\/v2\/pages\/15\/revisions\/933"}],"wp:attachment":[{"href":"https:\/\/sitecgdw.com.br\/renovi\/wp-json\/wp\/v2\/media?parent=15"}],"curies":[{"name":"wp","href":"https:\/\/api.w.org\/{rel}","templated":true}]}}