{"id":96,"date":"2022-08-03T16:46:31","date_gmt":"2022-08-03T19:46:31","guid":{"rendered":"https:\/\/sitecgdw.com.br\/paulorabelo\/?page_id=96"},"modified":"2022-08-04T09:36:43","modified_gmt":"2022-08-04T12:36:43","slug":"cookies","status":"publish","type":"page","link":"https:\/\/sitecgdw.com.br\/paulorabelo\/cookies\/","title":{"rendered":"Cookies"},"content":{"rendered":"\t\t<div data-elementor-type=\"wp-page\" data-elementor-id=\"96\" class=\"elementor elementor-96\">\n\t\t\t\t\t\t\t\t\t<section class=\"elementor-section elementor-top-section elementor-element elementor-element-2f346a1 elementor-section-content-middle elementor-section-boxed elementor-section-height-default elementor-section-height-default\" data-id=\"2f346a1\" data-element_type=\"section\">\n\t\t\t\t\t\t<div class=\"elementor-container elementor-column-gap-no\">\n\t\t\t\t\t<div class=\"elementor-column elementor-col-100 elementor-top-column elementor-element elementor-element-7914a52\" data-id=\"7914a52\" data-element_type=\"column\" data-settings=\"{&quot;background_background&quot;:&quot;classic&quot;}\">\n\t\t\t<div class=\"elementor-widget-wrap elementor-element-populated\">\n\t\t\t\t\t\t\t\t<div class=\"elementor-element elementor-element-253d0ee elementor-widget__width-auto elementor-absolute elementor-view-default elementor-widget elementor-widget-icon\" data-id=\"253d0ee\" data-element_type=\"widget\" data-settings=\"{&quot;_position&quot;:&quot;absolute&quot;}\" data-widget_type=\"icon.default\">\n\t\t\t\t<div class=\"elementor-widget-container\">\n\t\t\t\t\t<div class=\"elementor-icon-wrapper\">\n\t\t\t<div class=\"elementor-icon\">\n\t\t\t<svg xmlns=\"http:\/\/www.w3.org\/2000\/svg\" id=\"b55a705e-0234-472a-b0ea-9b4d795b0458\" data-name=\"Layer 1\" width=\"274\" height=\"274\" viewBox=\"0 0 274 274\"><path d=\"M137,0C61.458,0,0,61.458,0,137S61.458,274,137,274s137-61.458,137-137S212.542,0,137,0Zm0,273C62.0093,273,1,211.99,1,137S62.0093,1,137,1,273,62.0093,273,137,211.99,273,137,273Z\"><\/path><path d=\"M137,46a91,91,0,1,0,91,91A91.1029,91.1029,0,0,0,137,46Zm0,181a90,90,0,1,1,90-90A90.1021,90.1021,0,0,1,137,227Z\"><\/path><\/svg>\t\t\t<\/div>\n\t\t<\/div>\n\t\t\t\t<\/div>\n\t\t\t\t<\/div>\n\t\t\t\t<div class=\"elementor-element elementor-element-62f8e67 elementor-widget elementor-widget-heading\" data-id=\"62f8e67\" data-element_type=\"widget\" data-widget_type=\"heading.default\">\n\t\t\t\t<div class=\"elementor-widget-container\">\n\t\t\t<h1 class=\"elementor-heading-title elementor-size-default\">Cookies<\/h1>\t\t<\/div>\n\t\t\t\t<\/div>\n\t\t\t\t<div class=\"elementor-element elementor-element-10ec06a elementor-widget elementor-widget-text-editor\" data-id=\"10ec06a\" data-element_type=\"widget\" data-widget_type=\"text-editor.default\">\n\t\t\t\t<div class=\"elementor-widget-container\">\n\t\t\t\t\t\t\t<p>Neste site, utilizamos os cookies necess\u00e1rios para fazer o seu correto funcionamento.<\/p><p>Os cookies s\u00e3o desde os PHP, em especial PHPSESSID, que \u00e9 o identificador \u00fanico de sess\u00e3o e n\u00e3o coleta dados, at\u00e9 os fornecidos por terceiros como o Google Analytics (ferramenta de terceiro e com padr\u00f5es pr\u00f3prios).<\/p><p>Tamb\u00e9m podemos vir a utilizar cookies adicionais para analisar o tr\u00e1fego em nosso site e os padr\u00f5es de acesso dos nossos usu\u00e1rios, que nos ajudam a melhorar a experi\u00eancia e o aproveitamento do site.<\/p><p>Al\u00e9m disso, outros mecanismos como ferramentas de busca (exemplo, Google, Bing e similares) e redes sociais (exemplo, Facebook, Instagram ou similares) podem fornecer ferramentas no estilo de plug-ins, que se conectam ao site para gerar informa\u00e7\u00f5es atrav\u00e9s de cookies e exibir an\u00fancios relacionados.<\/p><p>O fato do usu\u00e1rio ser impactado por an\u00fancios referentes aos mesmos produtos ou servi\u00e7os, n\u00e3o significa que foi identificado por visitar um website. Na maioria das vezes, essas informa\u00e7\u00f5es s\u00e3o coletadas de forma an\u00f4nima, com base no perfil de navega\u00e7\u00e3o, sem que sua identidade seja revelada.<\/p><p>Destacamos que voc\u00ea, usu\u00e1rio, pode desabilitar esses cookies diretamente nas configura\u00e7\u00f5es de seu navegador, mas isso pode afetar a sua experi\u00eancia em nosso site.<\/p><p>Maiores informa\u00e7\u00f5es sobre os cookies est\u00e3o dispon\u00edveis em nossa <a href=\"https:\/\/sitecgdw.com.br\/paulorabelo\/politica-de-privacidade\/\">Pol\u00edtica de Privacidade<\/a>.<\/p>\t\t\t\t\t\t<\/div>\n\t\t\t\t<\/div>\n\t\t\t\t\t<\/div>\n\t\t<\/div>\n\t\t\t\t\t\t\t<\/div>\n\t\t<\/section>\n\t\t\t\t\t\t\t<\/div>\n\t\t","protected":false},"excerpt":{"rendered":"<p>Cookies Neste site, utilizamos os cookies necess\u00e1rios para fazer o seu correto funcionamento. Os cookies s\u00e3o desde os PHP, em especial PHPSESSID, que \u00e9 o identificador \u00fanico de sess\u00e3o e n\u00e3o coleta dados, at\u00e9 os fornecidos por terceiros como o Google Analytics (ferramenta de terceiro e com padr\u00f5es pr\u00f3prios). Tamb\u00e9m podemos vir a utilizar cookies [&hellip;]<\/p>\n","protected":false},"author":1,"featured_media":0,"parent":0,"menu_order":0,"comment_status":"closed","ping_status":"closed","template":"elementor_header_footer","meta":{"inline_featured_image":false,"footnotes":""},"class_list":["post-96","page","type-page","status-publish","hentry"],"yoast_head":"<!-- This site is optimized with the Yoast SEO plugin v19.6.1 - https:\/\/yoast.com\/wordpress\/plugins\/seo\/ -->\n<title>Cookies - Polocal<\/title>\n<meta name=\"robots\" content=\"index, follow, max-snippet:-1, max-image-preview:large, max-video-preview:-1\" \/>\n<link rel=\"canonical\" href=\"https:\/\/sitecgdw.com.br\/paulorabelo\/cookies\/\" \/>\n<meta property=\"og:locale\" content=\"pt_BR\" \/>\n<meta property=\"og:type\" content=\"article\" \/>\n<meta property=\"og:title\" content=\"Cookies - Polocal\" \/>\n<meta property=\"og:description\" content=\"Cookies Neste site, utilizamos os cookies necess\u00e1rios para fazer o seu correto funcionamento. Os cookies s\u00e3o desde os PHP, em especial PHPSESSID, que \u00e9 o identificador \u00fanico de sess\u00e3o e n\u00e3o coleta dados, at\u00e9 os fornecidos por terceiros como o Google Analytics (ferramenta de terceiro e com padr\u00f5es pr\u00f3prios). Tamb\u00e9m podemos vir a utilizar cookies [&hellip;]\" \/>\n<meta property=\"og:url\" content=\"https:\/\/sitecgdw.com.br\/paulorabelo\/cookies\/\" \/>\n<meta property=\"og:site_name\" content=\"Polocal\" \/>\n<meta property=\"article:modified_time\" content=\"2022-08-04T12:36:43+00:00\" \/>\n<meta name=\"twitter:card\" content=\"summary_large_image\" \/>\n<meta name=\"twitter:label1\" content=\"Est. tempo de leitura\" \/>\n\t<meta name=\"twitter:data1\" content=\"1 minuto\" \/>\n<script type=\"application\/ld+json\" class=\"yoast-schema-graph\">{\"@context\":\"https:\/\/schema.org\",\"@graph\":[{\"@type\":\"WebPage\",\"@id\":\"https:\/\/sitecgdw.com.br\/paulorabelo\/cookies\/\",\"url\":\"https:\/\/sitecgdw.com.br\/paulorabelo\/cookies\/\",\"name\":\"Cookies - Polocal\",\"isPartOf\":{\"@id\":\"https:\/\/sitecgdw.com.br\/paulorabelo\/#website\"},\"datePublished\":\"2022-08-03T19:46:31+00:00\",\"dateModified\":\"2022-08-04T12:36:43+00:00\",\"breadcrumb\":{\"@id\":\"https:\/\/sitecgdw.com.br\/paulorabelo\/cookies\/#breadcrumb\"},\"inLanguage\":\"pt-BR\",\"potentialAction\":[{\"@type\":\"ReadAction\",\"target\":[\"https:\/\/sitecgdw.com.br\/paulorabelo\/cookies\/\"]}]},{\"@type\":\"BreadcrumbList\",\"@id\":\"https:\/\/sitecgdw.com.br\/paulorabelo\/cookies\/#breadcrumb\",\"itemListElement\":[{\"@type\":\"ListItem\",\"position\":1,\"name\":\"In\u00edcio\",\"item\":\"https:\/\/sitecgdw.com.br\/paulorabelo\/\"},{\"@type\":\"ListItem\",\"position\":2,\"name\":\"Cookies\"}]},{\"@type\":\"WebSite\",\"@id\":\"https:\/\/sitecgdw.com.br\/paulorabelo\/#website\",\"url\":\"https:\/\/sitecgdw.com.br\/paulorabelo\/\",\"name\":\"Polocal\",\"description\":\"\",\"publisher\":{\"@id\":\"https:\/\/sitecgdw.com.br\/paulorabelo\/#organization\"},\"potentialAction\":[{\"@type\":\"SearchAction\",\"target\":{\"@type\":\"EntryPoint\",\"urlTemplate\":\"https:\/\/sitecgdw.com.br\/paulorabelo\/?s={search_term_string}\"},\"query-input\":\"required name=search_term_string\"}],\"inLanguage\":\"pt-BR\"},{\"@type\":\"Organization\",\"@id\":\"https:\/\/sitecgdw.com.br\/paulorabelo\/#organization\",\"name\":\"Polocal\",\"url\":\"https:\/\/sitecgdw.com.br\/paulorabelo\/\",\"sameAs\":[],\"logo\":{\"@type\":\"ImageObject\",\"inLanguage\":\"pt-BR\",\"@id\":\"https:\/\/sitecgdw.com.br\/paulorabelo\/#\/schema\/logo\/image\/\",\"url\":\"https:\/\/sitecgdw.com.br\/paulorabelo\/wp-content\/uploads\/2022\/08\/proverb.svg\",\"contentUrl\":\"https:\/\/sitecgdw.com.br\/paulorabelo\/wp-content\/uploads\/2022\/08\/proverb.svg\",\"width\":150,\"height\":30,\"caption\":\"Polocal\"},\"image\":{\"@id\":\"https:\/\/sitecgdw.com.br\/paulorabelo\/#\/schema\/logo\/image\/\"}}]}<\/script>\n<!-- \/ Yoast SEO plugin. -->","yoast_head_json":{"title":"Cookies - Polocal","robots":{"index":"index","follow":"follow","max-snippet":"max-snippet:-1","max-image-preview":"max-image-preview:large","max-video-preview":"max-video-preview:-1"},"canonical":"https:\/\/sitecgdw.com.br\/paulorabelo\/cookies\/","og_locale":"pt_BR","og_type":"article","og_title":"Cookies - Polocal","og_description":"Cookies Neste site, utilizamos os cookies necess\u00e1rios para fazer o seu correto funcionamento. Os cookies s\u00e3o desde os PHP, em especial PHPSESSID, que \u00e9 o identificador \u00fanico de sess\u00e3o e n\u00e3o coleta dados, at\u00e9 os fornecidos por terceiros como o Google Analytics (ferramenta de terceiro e com padr\u00f5es pr\u00f3prios). Tamb\u00e9m podemos vir a utilizar cookies [&hellip;]","og_url":"https:\/\/sitecgdw.com.br\/paulorabelo\/cookies\/","og_site_name":"Polocal","article_modified_time":"2022-08-04T12:36:43+00:00","twitter_card":"summary_large_image","twitter_misc":{"Est. tempo de leitura":"1 minuto"},"schema":{"@context":"https:\/\/schema.org","@graph":[{"@type":"WebPage","@id":"https:\/\/sitecgdw.com.br\/paulorabelo\/cookies\/","url":"https:\/\/sitecgdw.com.br\/paulorabelo\/cookies\/","name":"Cookies - Polocal","isPartOf":{"@id":"https:\/\/sitecgdw.com.br\/paulorabelo\/#website"},"datePublished":"2022-08-03T19:46:31+00:00","dateModified":"2022-08-04T12:36:43+00:00","breadcrumb":{"@id":"https:\/\/sitecgdw.com.br\/paulorabelo\/cookies\/#breadcrumb"},"inLanguage":"pt-BR","potentialAction":[{"@type":"ReadAction","target":["https:\/\/sitecgdw.com.br\/paulorabelo\/cookies\/"]}]},{"@type":"BreadcrumbList","@id":"https:\/\/sitecgdw.com.br\/paulorabelo\/cookies\/#breadcrumb","itemListElement":[{"@type":"ListItem","position":1,"name":"In\u00edcio","item":"https:\/\/sitecgdw.com.br\/paulorabelo\/"},{"@type":"ListItem","position":2,"name":"Cookies"}]},{"@type":"WebSite","@id":"https:\/\/sitecgdw.com.br\/paulorabelo\/#website","url":"https:\/\/sitecgdw.com.br\/paulorabelo\/","name":"Polocal","description":"","publisher":{"@id":"https:\/\/sitecgdw.com.br\/paulorabelo\/#organization"},"potentialAction":[{"@type":"SearchAction","target":{"@type":"EntryPoint","urlTemplate":"https:\/\/sitecgdw.com.br\/paulorabelo\/?s={search_term_string}"},"query-input":"required name=search_term_string"}],"inLanguage":"pt-BR"},{"@type":"Organization","@id":"https:\/\/sitecgdw.com.br\/paulorabelo\/#organization","name":"Polocal","url":"https:\/\/sitecgdw.com.br\/paulorabelo\/","sameAs":[],"logo":{"@type":"ImageObject","inLanguage":"pt-BR","@id":"https:\/\/sitecgdw.com.br\/paulorabelo\/#\/schema\/logo\/image\/","url":"https:\/\/sitecgdw.com.br\/paulorabelo\/wp-content\/uploads\/2022\/08\/proverb.svg","contentUrl":"https:\/\/sitecgdw.com.br\/paulorabelo\/wp-content\/uploads\/2022\/08\/proverb.svg","width":150,"height":30,"caption":"Polocal"},"image":{"@id":"https:\/\/sitecgdw.com.br\/paulorabelo\/#\/schema\/logo\/image\/"}}]}},"_links":{"self":[{"href":"https:\/\/sitecgdw.com.br\/paulorabelo\/wp-json\/wp\/v2\/pages\/96","targetHints":{"allow":["GET"]}}],"collection":[{"href":"https:\/\/sitecgdw.com.br\/paulorabelo\/wp-json\/wp\/v2\/pages"}],"about":[{"href":"https:\/\/sitecgdw.com.br\/paulorabelo\/wp-json\/wp\/v2\/types\/page"}],"author":[{"embeddable":true,"href":"https:\/\/sitecgdw.com.br\/paulorabelo\/wp-json\/wp\/v2\/users\/1"}],"replies":[{"embeddable":true,"href":"https:\/\/sitecgdw.com.br\/paulorabelo\/wp-json\/wp\/v2\/comments?post=96"}],"version-history":[{"count":28,"href":"https:\/\/sitecgdw.com.br\/paulorabelo\/wp-json\/wp\/v2\/pages\/96\/revisions"}],"predecessor-version":[{"id":227,"href":"https:\/\/sitecgdw.com.br\/paulorabelo\/wp-json\/wp\/v2\/pages\/96\/revisions\/227"}],"wp:attachment":[{"href":"https:\/\/sitecgdw.com.br\/paulorabelo\/wp-json\/wp\/v2\/media?parent=96"}],"curies":[{"name":"wp","href":"https:\/\/api.w.org\/{rel}","templated":true}]}}